{"id":188,"date":"2021-07-06T17:00:35","date_gmt":"2021-07-06T15:00:35","guid":{"rendered":"http:\/\/cfto.it\/2022\/?page_id=188"},"modified":"2021-12-07T15:34:37","modified_gmt":"2021-12-07T14:34:37","slug":"centro-osteopatia","status":"publish","type":"page","link":"http:\/\/cfto.it\/2022\/centro-osteopatia\/","title":{"rendered":"Il CFTO"},"content":{"rendered":"\t\t<div data-elementor-type=\"wp-page\" data-elementor-id=\"188\" class=\"elementor elementor-188\" data-elementor-settings=\"[]\">\n\t\t\t\t\t\t\t<div class=\"elementor-section-wrap\">\n\t\t\t\t\t\t\t<section class=\"elementor-section elementor-top-section elementor-element elementor-element-00fa9ad elementor-section-boxed elementor-section-height-default elementor-section-height-default\" data-id=\"00fa9ad\" data-element_type=\"section\" data-settings=\"{&quot;background_background&quot;:&quot;classic&quot;}\">\n\t\t\t\t\t\t<div class=\"elementor-container elementor-column-gap-default\">\n\t\t\t\t\t<div class=\"elementor-column elementor-col-100 elementor-top-column elementor-element elementor-element-6b9eb0b\" data-id=\"6b9eb0b\" data-element_type=\"column\">\n\t\t\t<div class=\"elementor-widget-wrap elementor-element-populated\">\n\t\t\t\t\t\t\t\t<div class=\"elementor-element elementor-element-13f41f9 elementor-widget elementor-widget-image\" data-id=\"13f41f9\" data-element_type=\"widget\" data-widget_type=\"image.default\">\n\t\t\t\t<div class=\"elementor-widget-container\">\n\t\t\t\t\t\t\t\t\t\t\t\t\t\t\t<img loading=\"lazy\" decoding=\"async\" width=\"1280\" height=\"480\" src=\"http:\/\/cfto.it\/2022\/wp-content\/uploads\/2021\/10\/il-centro-cfto-saronno.jpg\" class=\"attachment-full size-full\" alt=\"\" srcset=\"http:\/\/cfto.it\/2022\/wp-content\/uploads\/2021\/10\/il-centro-cfto-saronno.jpg 1280w, http:\/\/cfto.it\/2022\/wp-content\/uploads\/2021\/10\/il-centro-cfto-saronno-300x113.jpg 300w, http:\/\/cfto.it\/2022\/wp-content\/uploads\/2021\/10\/il-centro-cfto-saronno-1024x384.jpg 1024w, http:\/\/cfto.it\/2022\/wp-content\/uploads\/2021\/10\/il-centro-cfto-saronno-768x288.jpg 768w\" sizes=\"auto, (max-width: 1280px) 100vw, 1280px\" \/>\t\t\t\t\t\t\t\t\t\t\t\t\t\t\t<\/div>\n\t\t\t\t<\/div>\n\t\t\t\t\t<\/div>\n\t\t<\/div>\n\t\t\t\t\t\t\t<\/div>\n\t\t<\/section>\n\t\t\t\t<section class=\"elementor-section elementor-top-section elementor-element elementor-element-fa8c94f elementor-section-boxed elementor-section-height-default elementor-section-height-default\" data-id=\"fa8c94f\" data-element_type=\"section\">\n\t\t\t\t\t\t<div class=\"elementor-container elementor-column-gap-default\">\n\t\t\t\t\t<div class=\"elementor-column elementor-col-100 elementor-top-column elementor-element elementor-element-438e16b\" data-id=\"438e16b\" data-element_type=\"column\">\n\t\t\t<div class=\"elementor-widget-wrap elementor-element-populated\">\n\t\t\t\t\t\t\t\t<div class=\"elementor-element elementor-element-c9a3034 elementor-widget elementor-widget-heading\" data-id=\"c9a3034\" data-element_type=\"widget\" data-widget_type=\"heading.default\">\n\t\t\t\t<div class=\"elementor-widget-container\">\n\t\t\t<h1 class=\"elementor-heading-title elementor-size-default\">Il Centro CFTO e lo Studio Clinico dell'Osteopatia<\/h1>\t\t<\/div>\n\t\t\t\t<\/div>\n\t\t\t\t<div class=\"elementor-element elementor-element-20759a8 elementor-widget elementor-widget-text-editor\" data-id=\"20759a8\" data-element_type=\"widget\" data-widget_type=\"text-editor.default\">\n\t\t\t\t<div class=\"elementor-widget-container\">\n\t\t\t\t\t\t\t<p>CFTO \u00e8 il Centro di Formazione e Tirocinio Osteopatico specializzato in trattamenti osteopatici per tutte le fasce d\u2019et\u00e0 e composto da un team di professionisti e di tirocinanti provenienti dall\u2019annessa <b>Accademia Italiana di Medicina Osteopatica &#8211;<\/b> <b>AIMO<\/b><b>.<\/b><\/p>\t\t\t\t\t\t<\/div>\n\t\t\t\t<\/div>\n\t\t\t\t<div class=\"elementor-element elementor-element-cd4423c elementor-widget elementor-widget-text-editor\" data-id=\"cd4423c\" data-element_type=\"widget\" data-widget_type=\"text-editor.default\">\n\t\t\t\t<div class=\"elementor-widget-container\">\n\t\t\t\t\t\t\t<p>Dietro CFTO c&#8217;\u00e8 la passione di quattro professionisti, docenti di osteopatia e ricercatori &#8211; <b>Ferdinando Zucchi, Marco Giardino, Alberto Maggiani, Roberto Scognamiglio <\/b>&#8211; che si \u00e8 esplicata nella volont\u00e0 di dar vita a un progetto formativo originale e dai forti connotati internazionali di cui la clinica CFTO \u00e8 il fiore all&#8217;occhiello.<\/p><p>Presso il nostro Centro gli osteopati tirocinanti dell\u2019<b>Accademia Italiana di Medicina Osteopatica<\/b>\u00a0 svolgono il proprio percorso interno di tirocinio osteopatico, sotto l\u2019attenta supervisione di osteopati professionisti, medici, tutor e docenti di <b>AIMO<\/b>.<\/p>\t\t\t\t\t\t<\/div>\n\t\t\t\t<\/div>\n\t\t\t\t<div class=\"elementor-element elementor-element-32b9f75 elementor-hidden-desktop elementor-hidden-tablet elementor-hidden-mobile elementor-widget elementor-widget-heading\" data-id=\"32b9f75\" data-element_type=\"widget\" data-widget_type=\"heading.default\">\n\t\t\t\t<div class=\"elementor-widget-container\">\n\t\t\t<h2 class=\"elementor-heading-title elementor-size-default\">Il volto umano di CFTO: Ferdinando Zucchi, il Direttore<\/h2>\t\t<\/div>\n\t\t\t\t<\/div>\n\t\t\t\t<section class=\"elementor-section elementor-inner-section elementor-element elementor-element-aea0c66 elementor-section-full_width elementor-hidden-desktop elementor-hidden-tablet elementor-hidden-mobile elementor-section-height-default elementor-section-height-default\" data-id=\"aea0c66\" data-element_type=\"section\">\n\t\t\t\t\t\t<div class=\"elementor-container elementor-column-gap-default\">\n\t\t\t\t\t<div class=\"elementor-column elementor-col-50 elementor-inner-column elementor-element elementor-element-c794c81\" data-id=\"c794c81\" data-element_type=\"column\">\n\t\t\t<div class=\"elementor-widget-wrap elementor-element-populated\">\n\t\t\t\t\t\t\t\t<div class=\"elementor-element elementor-element-0ff8053 elementor-widget elementor-widget-image\" data-id=\"0ff8053\" data-element_type=\"widget\" data-widget_type=\"image.default\">\n\t\t\t\t<div class=\"elementor-widget-container\">\n\t\t\t\t\t\t\t\t\t\t\t\t\t\t\t<img loading=\"lazy\" decoding=\"async\" width=\"1024\" height=\"768\" src=\"http:\/\/cfto.it\/2022\/wp-content\/uploads\/2021\/11\/ferdinando-zucchi-direttore-cfto-1024x768.jpg\" class=\"attachment-large size-large\" alt=\"\" srcset=\"http:\/\/cfto.it\/2022\/wp-content\/uploads\/2021\/11\/ferdinando-zucchi-direttore-cfto-1024x768.jpg 1024w, http:\/\/cfto.it\/2022\/wp-content\/uploads\/2021\/11\/ferdinando-zucchi-direttore-cfto-300x225.jpg 300w, http:\/\/cfto.it\/2022\/wp-content\/uploads\/2021\/11\/ferdinando-zucchi-direttore-cfto-768x576.jpg 768w, http:\/\/cfto.it\/2022\/wp-content\/uploads\/2021\/11\/ferdinando-zucchi-direttore-cfto.jpg 1200w\" sizes=\"auto, (max-width: 1024px) 100vw, 1024px\" \/>\t\t\t\t\t\t\t\t\t\t\t\t\t\t\t<\/div>\n\t\t\t\t<\/div>\n\t\t\t\t\t<\/div>\n\t\t<\/div>\n\t\t\t\t<div class=\"elementor-column elementor-col-50 elementor-inner-column elementor-element elementor-element-6537c5a\" data-id=\"6537c5a\" data-element_type=\"column\">\n\t\t\t<div class=\"elementor-widget-wrap\">\n\t\t\t\t\t\t\t\t\t<\/div>\n\t\t<\/div>\n\t\t\t\t\t\t\t<\/div>\n\t\t<\/section>\n\t\t\t\t<div class=\"elementor-element elementor-element-6dbe98c elementor-widget elementor-widget-heading\" data-id=\"6dbe98c\" data-element_type=\"widget\" data-widget_type=\"heading.default\">\n\t\t\t\t<div class=\"elementor-widget-container\">\n\t\t\t<h2 class=\"elementor-heading-title elementor-size-default\">Perch\u00e9 dovresti preferire il CFTO a uno studio di osteopatia?<\/h2>\t\t<\/div>\n\t\t\t\t<\/div>\n\t\t\t\t<div class=\"elementor-element elementor-element-7f56a71 elementor-widget elementor-widget-text-editor\" data-id=\"7f56a71\" data-element_type=\"widget\" data-widget_type=\"text-editor.default\">\n\t\t\t\t<div class=\"elementor-widget-container\">\n\t\t\t\t\t\t\t<p>Semplicemente perch\u00e9 per noi sei importante e presso il nostro <b>centro di osteopatia <\/b>avrai accesso a una valutazione osteopatica e trattamenti di livello accademico. Verrai preso in carico dalla nostra equipe di professionisti, altamente specializzata, e composta da: osteopata professionista, osteopata tirocinante e medici specialisti in vari settori.<\/p><p>Nel nostro <b>centro clinico osteopatico<\/b> sono sempre attive formule vantaggiose che facilitano l&#8217;accesso ai trattamenti e il proseguimento delle terapie perch\u00e9 crediamo che la cura osteopatica debba essere garantita a tutti. Con questa filosofia, il CFTO riesce ad erogare oltre 15.000 trattamenti osteopatici all&#8217;anno, di cui oltre il 10% gratuiti erogati a neonati, bambini e persone disagiate ed \u00e8 diventato per questo un punto di riferimento per la comunit\u00e0 locale e le province di Milano e Varese.<\/p>\t\t\t\t\t\t<\/div>\n\t\t\t\t<\/div>\n\t\t\t\t<div class=\"elementor-element elementor-element-c013908 elementor-widget elementor-widget-heading\" data-id=\"c013908\" data-element_type=\"widget\" data-widget_type=\"heading.default\">\n\t\t\t\t<div class=\"elementor-widget-container\">\n\t\t\t<h3 class=\"elementor-heading-title elementor-size-default\">Quando rivolgerti al nostro centro di osteopatia?<\/h3>\t\t<\/div>\n\t\t\t\t<\/div>\n\t\t\t\t<div class=\"elementor-element elementor-element-6e9236a elementor-widget elementor-widget-text-editor\" data-id=\"6e9236a\" data-element_type=\"widget\" data-widget_type=\"text-editor.default\">\n\t\t\t\t<div class=\"elementor-widget-container\">\n\t\t\t\t\t\t\t<p>Puoi venire da noi ogni volta che provi un disagio fisico, hai un dolore o semplicemente perch\u00e9 vuoi migliorare la tua condizione di benessere.<\/p><p>Siamo aperti a chiunque richieda un consulto o un trattamento osteopatico per risolvere problematiche di vario genere, intervenendo sulle varie sintomatologie dolorose che possono presentarsi nelle varie fasi della vita di una persona.<\/p><p>Presso il nostro centro di osteopatia troverai diverse aree dedicate a: neonato, bambino, donna, anziani, sportivi, dolore muscolo-scheletrico e postura.<\/p>\t\t\t\t\t\t<\/div>\n\t\t\t\t<\/div>\n\t\t\t\t<div class=\"elementor-element elementor-element-7915099 elementor-align-center elementor-widget elementor-widget-button\" data-id=\"7915099\" data-element_type=\"widget\" data-widget_type=\"button.default\">\n\t\t\t\t<div class=\"elementor-widget-container\">\n\t\t\t\t\t<div class=\"elementor-button-wrapper\">\n\t\t\t<a href=\"http:\/\/cfto.it\/2022\/trattamenti-osteopatici\/\" class=\"elementor-button-link elementor-button elementor-size-md\" role=\"button\">\n\t\t\t\t\t\t<span class=\"elementor-button-content-wrapper\">\n\t\t\t\t\t\t<span class=\"elementor-button-text\">Scopri tutte le aree presenti in CFTO<\/span>\n\t\t<\/span>\n\t\t\t\t\t<\/a>\n\t\t<\/div>\n\t\t\t\t<\/div>\n\t\t\t\t<\/div>\n\t\t\t\t\t<\/div>\n\t\t<\/div>\n\t\t\t\t\t\t\t<\/div>\n\t\t<\/section>\n\t\t\t\t\t\t<\/div>\n\t\t\t\t\t<\/div>\n\t\t","protected":false},"excerpt":{"rendered":"<p>Il Centro CFTO e lo Studio Clinico dell&#8217;Osteopatia CFTO \u00e8 il Centro di Formazione e Tirocinio Osteopatico specializzato in trattamenti osteopatici per tutte le fasce d\u2019et\u00e0 e composto da un team di professionisti e di tirocinanti provenienti dall\u2019annessa Accademia Italiana di Medicina Osteopatica &#8211; AIMO. Dietro CFTO c&#8217;\u00e8 la passione di quattro professionisti, docenti di &hellip;<\/p>\n<p class=\"read-more\"> <a class=\"\" href=\"http:\/\/cfto.it\/2022\/centro-osteopatia\/\"> <span class=\"screen-reader-text\">Il CFTO<\/span> Leggi altro &raquo;<\/a><\/p>\n","protected":false},"author":1,"featured_media":0,"parent":0,"menu_order":0,"comment_status":"closed","ping_status":"closed","template":"","meta":{"site-sidebar-layout":"no-sidebar","site-content-layout":"page-builder","ast-main-header-display":"","ast-hfb-above-header-display":"","ast-hfb-below-header-display":"","ast-hfb-mobile-header-display":"","site-post-title":"disabled","ast-breadcrumbs-content":"","ast-featured-img":"disabled","footer-sml-layout":"","theme-transparent-header-meta":"default","adv-header-id-meta":"","stick-header-meta":"","header-above-stick-meta":"","header-main-stick-meta":"","header-below-stick-meta":"","footnotes":""},"class_list":["post-188","page","type-page","status-publish","hentry"],"acf":[],"yoast_head":"<!-- This site is optimized with the Yoast SEO plugin v17.8 - https:\/\/yoast.com\/wordpress\/plugins\/seo\/ -->\n<title>Il Centro e lo Studio Clinico dell&#039;Osteopatia - CFTO<\/title>\n<meta name=\"description\" content=\"CFTO \u00e8 il Centro di Formazione e Tirocinio Osteopatico dove gli studenti AIMO affrontano lo studio clinico dell&#039;osteopatia tramite la pratica osteopatica.\" \/>\n<meta name=\"robots\" content=\"index, follow, max-snippet:-1, max-image-preview:large, max-video-preview:-1\" \/>\n<link rel=\"canonical\" href=\"http:\/\/cfto.it\/2022\/centro-osteopatia\/\" \/>\n<meta property=\"og:locale\" content=\"it_IT\" \/>\n<meta property=\"og:type\" content=\"article\" \/>\n<meta property=\"og:title\" content=\"Il Centro e lo Studio Clinico dell&#039;Osteopatia - CFTO\" \/>\n<meta property=\"og:description\" content=\"CFTO \u00e8 il Centro di Formazione e Tirocinio Osteopatico dove gli studenti AIMO affrontano lo studio clinico dell&#039;osteopatia tramite la pratica osteopatica.\" \/>\n<meta property=\"og:url\" content=\"http:\/\/cfto.it\/2022\/centro-osteopatia\/\" \/>\n<meta property=\"og:site_name\" content=\"CFTO\" \/>\n<meta property=\"article:modified_time\" content=\"2021-12-07T14:34:37+00:00\" \/>\n<meta property=\"og:image\" content=\"http:\/\/cfto.it\/2022\/wp-content\/uploads\/2021\/10\/il-centro-cfto-saronno.jpg\" \/>\n<meta name=\"twitter:card\" content=\"summary_large_image\" \/>\n<meta name=\"twitter:label1\" content=\"Tempo di lettura stimato\" \/>\n\t<meta name=\"twitter:data1\" content=\"2 minuti\" \/>\n<script type=\"application\/ld+json\" class=\"yoast-schema-graph\">{\"@context\":\"https:\/\/schema.org\",\"@graph\":[{\"@type\":\"Organization\",\"@id\":\"http:\/\/cfto.it\/2022\/#organization\",\"name\":\"CFTO - Centro di Formazione e Tirocinio Osteopatico\",\"url\":\"http:\/\/cfto.it\/2022\/\",\"sameAs\":[],\"logo\":{\"@type\":\"ImageObject\",\"@id\":\"http:\/\/cfto.it\/2022\/#logo\",\"inLanguage\":\"it-IT\",\"url\":\"http:\/\/cfto.it\/2022\/wp-content\/uploads\/2021\/07\/centro-formazione-tirocinio-osteopatico.png\",\"contentUrl\":\"http:\/\/cfto.it\/2022\/wp-content\/uploads\/2021\/07\/centro-formazione-tirocinio-osteopatico.png\",\"width\":676,\"height\":297,\"caption\":\"CFTO - Centro di Formazione e Tirocinio Osteopatico\"},\"image\":{\"@id\":\"http:\/\/cfto.it\/2022\/#logo\"}},{\"@type\":\"WebSite\",\"@id\":\"http:\/\/cfto.it\/2022\/#website\",\"url\":\"http:\/\/cfto.it\/2022\/\",\"name\":\"CFTO\",\"description\":\"Centro Formativo Tirocinio Osteopatico\",\"publisher\":{\"@id\":\"http:\/\/cfto.it\/2022\/#organization\"},\"potentialAction\":[{\"@type\":\"SearchAction\",\"target\":{\"@type\":\"EntryPoint\",\"urlTemplate\":\"http:\/\/cfto.it\/2022\/?s={search_term_string}\"},\"query-input\":\"required name=search_term_string\"}],\"inLanguage\":\"it-IT\"},{\"@type\":\"ImageObject\",\"@id\":\"http:\/\/cfto.it\/2022\/centro-osteopatia\/#primaryimage\",\"inLanguage\":\"it-IT\",\"url\":\"http:\/\/cfto.it\/2022\/wp-content\/uploads\/2021\/10\/il-centro-cfto-saronno.jpg\",\"contentUrl\":\"http:\/\/cfto.it\/2022\/wp-content\/uploads\/2021\/10\/il-centro-cfto-saronno.jpg\",\"width\":1280,\"height\":480},{\"@type\":\"WebPage\",\"@id\":\"http:\/\/cfto.it\/2022\/centro-osteopatia\/#webpage\",\"url\":\"http:\/\/cfto.it\/2022\/centro-osteopatia\/\",\"name\":\"Il Centro e lo Studio Clinico dell'Osteopatia - CFTO\",\"isPartOf\":{\"@id\":\"http:\/\/cfto.it\/2022\/#website\"},\"primaryImageOfPage\":{\"@id\":\"http:\/\/cfto.it\/2022\/centro-osteopatia\/#primaryimage\"},\"datePublished\":\"2021-07-06T15:00:35+00:00\",\"dateModified\":\"2021-12-07T14:34:37+00:00\",\"description\":\"CFTO \\u00e8 il Centro di Formazione e Tirocinio Osteopatico dove gli studenti AIMO affrontano lo studio clinico dell'osteopatia tramite la pratica osteopatica.\",\"breadcrumb\":{\"@id\":\"http:\/\/cfto.it\/2022\/centro-osteopatia\/#breadcrumb\"},\"inLanguage\":\"it-IT\",\"potentialAction\":[{\"@type\":\"ReadAction\",\"target\":[\"http:\/\/cfto.it\/2022\/centro-osteopatia\/\"]}]},{\"@type\":\"BreadcrumbList\",\"@id\":\"http:\/\/cfto.it\/2022\/centro-osteopatia\/#breadcrumb\",\"itemListElement\":[{\"@type\":\"ListItem\",\"position\":1,\"name\":\"Home\",\"item\":\"http:\/\/cfto.it\/2022\/\"},{\"@type\":\"ListItem\",\"position\":2,\"name\":\"Il CFTO\"}]}]}<\/script>\n<!-- \/ Yoast SEO plugin. -->","yoast_head_json":{"title":"Il Centro e lo Studio Clinico dell'Osteopatia - CFTO","description":"CFTO \u00e8 il Centro di Formazione e Tirocinio Osteopatico dove gli studenti AIMO affrontano lo studio clinico dell'osteopatia tramite la pratica osteopatica.","robots":{"index":"index","follow":"follow","max-snippet":"max-snippet:-1","max-image-preview":"max-image-preview:large","max-video-preview":"max-video-preview:-1"},"canonical":"http:\/\/cfto.it\/2022\/centro-osteopatia\/","og_locale":"it_IT","og_type":"article","og_title":"Il Centro e lo Studio Clinico dell'Osteopatia - CFTO","og_description":"CFTO \u00e8 il Centro di Formazione e Tirocinio Osteopatico dove gli studenti AIMO affrontano lo studio clinico dell'osteopatia tramite la pratica osteopatica.","og_url":"http:\/\/cfto.it\/2022\/centro-osteopatia\/","og_site_name":"CFTO","article_modified_time":"2021-12-07T14:34:37+00:00","og_image":[{"url":"http:\/\/cfto.it\/2022\/wp-content\/uploads\/2021\/10\/il-centro-cfto-saronno.jpg"}],"twitter_card":"summary_large_image","twitter_misc":{"Tempo di lettura stimato":"2 minuti"},"schema":{"@context":"https:\/\/schema.org","@graph":[{"@type":"Organization","@id":"http:\/\/cfto.it\/2022\/#organization","name":"CFTO - Centro di Formazione e Tirocinio Osteopatico","url":"http:\/\/cfto.it\/2022\/","sameAs":[],"logo":{"@type":"ImageObject","@id":"http:\/\/cfto.it\/2022\/#logo","inLanguage":"it-IT","url":"http:\/\/cfto.it\/2022\/wp-content\/uploads\/2021\/07\/centro-formazione-tirocinio-osteopatico.png","contentUrl":"http:\/\/cfto.it\/2022\/wp-content\/uploads\/2021\/07\/centro-formazione-tirocinio-osteopatico.png","width":676,"height":297,"caption":"CFTO - Centro di Formazione e Tirocinio Osteopatico"},"image":{"@id":"http:\/\/cfto.it\/2022\/#logo"}},{"@type":"WebSite","@id":"http:\/\/cfto.it\/2022\/#website","url":"http:\/\/cfto.it\/2022\/","name":"CFTO","description":"Centro Formativo Tirocinio Osteopatico","publisher":{"@id":"http:\/\/cfto.it\/2022\/#organization"},"potentialAction":[{"@type":"SearchAction","target":{"@type":"EntryPoint","urlTemplate":"http:\/\/cfto.it\/2022\/?s={search_term_string}"},"query-input":"required name=search_term_string"}],"inLanguage":"it-IT"},{"@type":"ImageObject","@id":"http:\/\/cfto.it\/2022\/centro-osteopatia\/#primaryimage","inLanguage":"it-IT","url":"http:\/\/cfto.it\/2022\/wp-content\/uploads\/2021\/10\/il-centro-cfto-saronno.jpg","contentUrl":"http:\/\/cfto.it\/2022\/wp-content\/uploads\/2021\/10\/il-centro-cfto-saronno.jpg","width":1280,"height":480},{"@type":"WebPage","@id":"http:\/\/cfto.it\/2022\/centro-osteopatia\/#webpage","url":"http:\/\/cfto.it\/2022\/centro-osteopatia\/","name":"Il Centro e lo Studio Clinico dell'Osteopatia - CFTO","isPartOf":{"@id":"http:\/\/cfto.it\/2022\/#website"},"primaryImageOfPage":{"@id":"http:\/\/cfto.it\/2022\/centro-osteopatia\/#primaryimage"},"datePublished":"2021-07-06T15:00:35+00:00","dateModified":"2021-12-07T14:34:37+00:00","description":"CFTO \u00e8 il Centro di Formazione e Tirocinio Osteopatico dove gli studenti AIMO affrontano lo studio clinico dell'osteopatia tramite la pratica osteopatica.","breadcrumb":{"@id":"http:\/\/cfto.it\/2022\/centro-osteopatia\/#breadcrumb"},"inLanguage":"it-IT","potentialAction":[{"@type":"ReadAction","target":["http:\/\/cfto.it\/2022\/centro-osteopatia\/"]}]},{"@type":"BreadcrumbList","@id":"http:\/\/cfto.it\/2022\/centro-osteopatia\/#breadcrumb","itemListElement":[{"@type":"ListItem","position":1,"name":"Home","item":"http:\/\/cfto.it\/2022\/"},{"@type":"ListItem","position":2,"name":"Il CFTO"}]}]}},"_links":{"self":[{"href":"http:\/\/cfto.it\/2022\/wp-json\/wp\/v2\/pages\/188","targetHints":{"allow":["GET"]}}],"collection":[{"href":"http:\/\/cfto.it\/2022\/wp-json\/wp\/v2\/pages"}],"about":[{"href":"http:\/\/cfto.it\/2022\/wp-json\/wp\/v2\/types\/page"}],"author":[{"embeddable":true,"href":"http:\/\/cfto.it\/2022\/wp-json\/wp\/v2\/users\/1"}],"replies":[{"embeddable":true,"href":"http:\/\/cfto.it\/2022\/wp-json\/wp\/v2\/comments?post=188"}],"version-history":[{"count":32,"href":"http:\/\/cfto.it\/2022\/wp-json\/wp\/v2\/pages\/188\/revisions"}],"predecessor-version":[{"id":2559,"href":"http:\/\/cfto.it\/2022\/wp-json\/wp\/v2\/pages\/188\/revisions\/2559"}],"wp:attachment":[{"href":"http:\/\/cfto.it\/2022\/wp-json\/wp\/v2\/media?parent=188"}],"curies":[{"name":"wp","href":"https:\/\/api.w.org\/{rel}","templated":true}]}}