{"id":1277,"date":"2021-09-17T11:37:06","date_gmt":"2021-09-17T09:37:06","guid":{"rendered":"http:\/\/cfto.it\/2022\/?page_id=1277"},"modified":"2021-12-07T15:37:45","modified_gmt":"2021-12-07T14:37:45","slug":"postura","status":"publish","type":"page","link":"http:\/\/cfto.it\/2022\/trattamenti-osteopatici\/postura\/","title":{"rendered":"Osteopatia Posturale"},"content":{"rendered":"\t\t<div data-elementor-type=\"wp-page\" data-elementor-id=\"1277\" class=\"elementor elementor-1277\" data-elementor-settings=\"[]\">\n\t\t\t\t\t\t\t<div class=\"elementor-section-wrap\">\n\t\t\t\t\t\t\t<section class=\"elementor-section elementor-top-section elementor-element elementor-element-5a89c6e elementor-section-boxed elementor-section-height-default elementor-section-height-default\" data-id=\"5a89c6e\" data-element_type=\"section\" data-settings=\"{&quot;background_background&quot;:&quot;classic&quot;}\">\n\t\t\t\t\t\t<div class=\"elementor-container elementor-column-gap-default\">\n\t\t\t\t\t<div class=\"elementor-column elementor-col-100 elementor-top-column elementor-element elementor-element-3554a68\" data-id=\"3554a68\" data-element_type=\"column\">\n\t\t\t<div class=\"elementor-widget-wrap elementor-element-populated\">\n\t\t\t\t\t\t\t\t<div class=\"elementor-element elementor-element-523ded3 elementor-widget elementor-widget-image\" data-id=\"523ded3\" data-element_type=\"widget\" data-widget_type=\"image.default\">\n\t\t\t\t<div class=\"elementor-widget-container\">\n\t\t\t\t\t\t\t\t\t\t\t\t\t\t\t<img loading=\"lazy\" decoding=\"async\" width=\"1024\" height=\"572\" src=\"http:\/\/cfto.it\/2022\/wp-content\/uploads\/2021\/07\/trattamenti-osteopatici-esami-clinici-1024x572.jpg\" class=\"attachment-large size-large\" alt=\"\" srcset=\"http:\/\/cfto.it\/2022\/wp-content\/uploads\/2021\/07\/trattamenti-osteopatici-esami-clinici-1024x572.jpg 1024w, http:\/\/cfto.it\/2022\/wp-content\/uploads\/2021\/07\/trattamenti-osteopatici-esami-clinici-300x168.jpg 300w, http:\/\/cfto.it\/2022\/wp-content\/uploads\/2021\/07\/trattamenti-osteopatici-esami-clinici-768x429.jpg 768w, http:\/\/cfto.it\/2022\/wp-content\/uploads\/2021\/07\/trattamenti-osteopatici-esami-clinici-1536x858.jpg 1536w, http:\/\/cfto.it\/2022\/wp-content\/uploads\/2021\/07\/trattamenti-osteopatici-esami-clinici.jpg 1920w\" sizes=\"auto, (max-width: 1024px) 100vw, 1024px\" \/>\t\t\t\t\t\t\t\t\t\t\t\t\t\t\t<\/div>\n\t\t\t\t<\/div>\n\t\t\t\t\t<\/div>\n\t\t<\/div>\n\t\t\t\t\t\t\t<\/div>\n\t\t<\/section>\n\t\t\t\t<section class=\"elementor-section elementor-top-section elementor-element elementor-element-0b1962b elementor-section-boxed elementor-section-height-default elementor-section-height-default\" data-id=\"0b1962b\" data-element_type=\"section\">\n\t\t\t\t\t\t<div class=\"elementor-container elementor-column-gap-default\">\n\t\t\t\t\t<div class=\"elementor-column elementor-col-66 elementor-top-column elementor-element elementor-element-8fafbd7\" data-id=\"8fafbd7\" data-element_type=\"column\">\n\t\t\t<div class=\"elementor-widget-wrap elementor-element-populated\">\n\t\t\t\t\t\t\t\t<div class=\"elementor-element elementor-element-293cb25 elementor-widget elementor-widget-heading\" data-id=\"293cb25\" data-element_type=\"widget\" data-widget_type=\"heading.default\">\n\t\t\t\t<div class=\"elementor-widget-container\">\n\t\t\t<h1 class=\"elementor-heading-title elementor-size-default\">Osteopatia posturale<\/h1>\t\t<\/div>\n\t\t\t\t<\/div>\n\t\t\t\t<div class=\"elementor-element elementor-element-6768f34 elementor-widget elementor-widget-text-editor\" data-id=\"6768f34\" data-element_type=\"widget\" data-widget_type=\"text-editor.default\">\n\t\t\t\t<div class=\"elementor-widget-container\">\n\t\t\t\t\t\t\t<p>La <b>postura<\/b> di un soggetto dipende da moltissimi fattori, ma in termini semplici pu\u00f2 essere definita come la posizione del corpo in stazione eretta e pu\u00f2 essere considerata a livello statico o dinamico. Una cosa \u00e8 per\u00f2 certa, un buon<b> osteopata <\/b>non parler\u00e0 mai di una postura giusta o sbagliata, bens\u00ec di <b>postura funzionale o non funzionale.<\/b><\/p>\t\t\t\t\t\t<\/div>\n\t\t\t\t<\/div>\n\t\t\t\t<div class=\"elementor-element elementor-element-72527c9 elementor-widget elementor-widget-heading\" data-id=\"72527c9\" data-element_type=\"widget\" data-widget_type=\"heading.default\">\n\t\t\t\t<div class=\"elementor-widget-container\">\n\t\t\t<h2 class=\"elementor-heading-title elementor-size-default\">Esiste davvero una \u201ccattiva postura\u201d?<\/h2>\t\t<\/div>\n\t\t\t\t<\/div>\n\t\t\t\t<div class=\"elementor-element elementor-element-085330c elementor-widget elementor-widget-text-editor\" data-id=\"085330c\" data-element_type=\"widget\" data-widget_type=\"text-editor.default\">\n\t\t\t\t<div class=\"elementor-widget-container\">\n\t\t\t\t\t\t\t<p>Possiamo considerare la nostra postura da un lato come la risposta del nostro corpo alla forza di gravit\u00e0 e dall&#8217;altro come la sintesi delle informazioni provenienti da occhi, orecchie, cervelletto, piedi e cute.\u00a0<\/p><p>Quando i pi\u00f9 parlano di &#8220;cattiva postura&#8221; si tratta in realt\u00e0 di una <b>postura non funzionale<\/b> e questa si verifica quando il dispendio energetico e l&#8217;attivit\u00e0 nervosa aumentano in modo considerevole, ossia quando gli atteggiamenti compensatori &#8220;costano troppo&#8221; al corpo e si presenta il dolore che avvisa del sovraccarico\/sofferenza del corpo.<\/p><p>Ma quali possono essere le cause di una postura non funzionale? Possono esserci problemi importanti come il <b>disallineamento dell&#8217;atlante o vertebrale<\/b>, <b>disfunzioni dell&#8217;articolazione temporo-mandibolare<\/b> o pi\u00f9 semplicemente<b> cause derivanti dalla vita quotidiana<\/b> capaci di influenzare il nostro schema posturale: <b>movimenti ripetuti, traumi passati e fattori psicologici.<\/b><\/p>\t\t\t\t\t\t<\/div>\n\t\t\t\t<\/div>\n\t\t\t\t<div class=\"elementor-element elementor-element-320ec54 elementor-widget elementor-widget-heading\" data-id=\"320ec54\" data-element_type=\"widget\" data-widget_type=\"heading.default\">\n\t\t\t\t<div class=\"elementor-widget-container\">\n\t\t\t<h2 class=\"elementor-heading-title elementor-size-default\">Quando rivolgersi a un osteopata posturologo?<\/h2>\t\t<\/div>\n\t\t\t\t<\/div>\n\t\t\t\t<div class=\"elementor-element elementor-element-93583cb elementor-widget elementor-widget-text-editor\" data-id=\"93583cb\" data-element_type=\"widget\" data-widget_type=\"text-editor.default\">\n\t\t\t\t<div class=\"elementor-widget-container\">\n\t\t\t\t\t\t\t<p>Una postura non funzionale nel lungo periodo provoca dolore e disturbi vari.\u00a0<\/p><p>\u00c8 importante rivolgersi a un osteopata posturologo o a un Centro di Osteopatia specializzato anche in Postura in casi di:<\/p><ul><li aria-level=\"1\">Cervicalgie, lombalgie sciatalgie, epicondiliti, gonalgie, fasciti plantari, dolori alla spalla.<\/li><li aria-level=\"1\">Mal di testa, cefalea muscolo tensiva.<\/li><li aria-level=\"1\">Bruxismo e altre disfunzioni dell&#8217;articolazione temporo-mandibolare.<\/li><li aria-level=\"1\">Gonfiori addominali.<\/li><li aria-level=\"1\">Stitichezza o diarrea o in generale problemi a carico dell&#8217;apparato intestinale.<\/li><li aria-level=\"1\">Minzione irregolare.<\/li><\/ul><p>La terapia osteopatica posturale pu\u00f2 aiutarti a risolvere i tuoi problemi di postura.\u00a0<br \/>Inoltre, pu\u00f2 essere utili seguire questi consigli:<\/p><ul><li aria-level=\"1\"><b>correggere le abitudini quotidiane<\/b>, evitando movimenti sbagliati e adottando posizioni corrette;<\/li><li aria-level=\"1\">praticare la <b>ginnastica posturale osteopatica<\/b> con <b>esercizi<\/b> quotidiani prima e dopo la normale attivit\u00e0 fisica.<\/li><\/ul>\t\t\t\t\t\t<\/div>\n\t\t\t\t<\/div>\n\t\t\t\t<div class=\"elementor-element elementor-element-651a597 elementor-widget elementor-widget-heading\" data-id=\"651a597\" data-element_type=\"widget\" data-widget_type=\"heading.default\">\n\t\t\t\t<div class=\"elementor-widget-container\">\n\t\t\t<h2 class=\"elementor-heading-title elementor-size-default\">Cerchi un centro di postura osteopatico? Ecco cosa pu\u00f2 fare per te CFTO.<\/h2>\t\t<\/div>\n\t\t\t\t<\/div>\n\t\t\t\t<div class=\"elementor-element elementor-element-a8d7e5d elementor-widget elementor-widget-text-editor\" data-id=\"a8d7e5d\" data-element_type=\"widget\" data-widget_type=\"text-editor.default\">\n\t\t\t\t<div class=\"elementor-widget-container\">\n\t\t\t\t\t\t\t<p>La nostra equipe di studenti e osteopati opera per prevenire lo sviluppo di problemi derivanti da una postura non funzionale, di modo che non si debba intervenire su disturbi ormai cronicizzati e pi\u00f9 difficili da migliorare con la <b>terapia osteopatica posturale.<\/b><\/p><p>I nostri osteopati sono professionisti in grado di lavorare sugli aspetti funzionali del corpo e sulla sua capacit\u00e0 di adattamento, stimolando positivamente il sistema posturale.<\/p><p>Ottenere il <b>riallineamento vertebrale<\/b> con un <b>osteopata<\/b> della nostra equipe sar\u00e0 possibile grazie a trattamenti specifici che aiuteranno a ridurre notevolmente le zone di tensione muscolare permettendo di ritrovare il benessere.<\/p>\t\t\t\t\t\t<\/div>\n\t\t\t\t<\/div>\n\t\t\t\t<div class=\"elementor-element elementor-element-caaaa34 elementor-align-center elementor-widget elementor-widget-button\" data-id=\"caaaa34\" data-element_type=\"widget\" data-widget_type=\"button.default\">\n\t\t\t\t<div class=\"elementor-widget-container\">\n\t\t\t\t\t<div class=\"elementor-button-wrapper\">\n\t\t\t<a href=\"#elementor-action%3Aaction%3Dpopup%3Aopen%26settings%3DeyJpZCI6IjI4OSIsInRvZ2dsZSI6ZmFsc2V9\" class=\"elementor-button-link elementor-button elementor-size-sm\" role=\"button\">\n\t\t\t\t\t\t<span class=\"elementor-button-content-wrapper\">\n\t\t\t\t\t\t<span class=\"elementor-button-text\">Prenota una visita presso CFTO<\/span>\n\t\t<\/span>\n\t\t\t\t\t<\/a>\n\t\t<\/div>\n\t\t\t\t<\/div>\n\t\t\t\t<\/div>\n\t\t\t\t<div class=\"elementor-element elementor-element-ba4cd25 elementor-widget elementor-widget-heading\" data-id=\"ba4cd25\" data-element_type=\"widget\" data-widget_type=\"heading.default\">\n\t\t\t\t<div class=\"elementor-widget-container\">\n\t\t\t<h3 class=\"elementor-heading-title elementor-size-default\">Osteopatia, odontoiatria e postura: quale connessione?<\/h3>\t\t<\/div>\n\t\t\t\t<\/div>\n\t\t\t\t<div class=\"elementor-element elementor-element-8d8af3a elementor-widget elementor-widget-text-editor\" data-id=\"8d8af3a\" data-element_type=\"widget\" data-widget_type=\"text-editor.default\">\n\t\t\t\t<div class=\"elementor-widget-container\">\n\t\t\t\t\t\t\t<p>Nelle problematiche relative al <b>distretto cranio-cervico-mandibolare e dell\u2019ATM<\/b>, l&#8217;osteopatia si assicura che ci sia una corretta mobilit\u00e0 di tutte le strutture.\u00a0<\/p><p>La collaborazione tra <b>osteopata e odontoiatra <\/b>\u00e8 ormai considerata una scelta molto valida, durante il trattamento ortodontico sar\u00e0 utile affiancare l&#8217;ortodontista con l&#8217;osteopatia per &#8220;sorvegliare&#8221; gli eventuali atteggiamenti posturali del soggetto ed intervenire in caso di <b>rigidit\u00e0 craniche<\/b> o punti di maggiore densit\u00e0 sul massiccio facciale.<\/p><p>L&#8217;<b>approccio multidisciplinare<\/b> non solo permette di ridurre al minimo gli \u201ceffetti indesiderati\u201d del trattamento ortodontico, ma porta benefici in tutti questi casi:<\/p><ul><li aria-level=\"1\">Disturbo dell\u2019articolazione temporo-mandibolare.<\/li><li aria-level=\"1\">Bruxismo.<\/li><li aria-level=\"1\">Click mandibolare.<\/li><li aria-level=\"1\">Malocclusione, con l\u2019ausilio di apparecchi ortodontici.<\/li><li aria-level=\"1\">Mal di denti conseguenti a digrignamento.<\/li><li aria-level=\"1\">Cefalea ed algie cranio-facciali.<\/li><\/ul>\t\t\t\t\t\t<\/div>\n\t\t\t\t<\/div>\n\t\t\t\t<div class=\"elementor-element elementor-element-cdc52ed elementor-widget elementor-widget-heading\" data-id=\"cdc52ed\" data-element_type=\"widget\" data-widget_type=\"heading.default\">\n\t\t\t\t<div class=\"elementor-widget-container\">\n\t\t\t<h3 class=\"elementor-heading-title elementor-size-default\">L'osteopatia a supporto dei problemi ortodontici<\/h3>\t\t<\/div>\n\t\t\t\t<\/div>\n\t\t\t\t<div class=\"elementor-element elementor-element-061b873 elementor-widget elementor-widget-text-editor\" data-id=\"061b873\" data-element_type=\"widget\" data-widget_type=\"text-editor.default\">\n\t\t\t\t<div class=\"elementor-widget-container\">\n\t\t\t\t\t\t\t<p>L&#8217;osteopatia pu\u00f2 essere cruciale per prevenire tutta una serie di problematiche del cavo orale.<\/p><p>Ad esempio, gi\u00e0 in fase neonatale \u00e8 possibile intervenire su plagiocefalie che sono all&#8217;origine di problemi di suzione\/deglutizione a carico dell&#8217;articolazione temporo-mandibolare. Oppure, in et\u00e0 pediatrica, con il trattamento osteopatico \u00e8 possibile intercettare una malocclusione andando a ridurre pi\u00f9 avanti la necessit\u00e0 di intervenire con apparecchio ortodontico.<\/p><p>Il trattamento delle problematiche del cavo orale frequentemente si estende almeno fino alla cervicale perch\u00e9 questo tratto della colonna vertebrale comunica direttamente con la meccanica della bocca e, nel caso di disfunzioni, queste due aree potrebbero influenzarsi a vicenda.<\/p>\t\t\t\t\t\t<\/div>\n\t\t\t\t<\/div>\n\t\t\t\t<div class=\"elementor-element elementor-element-63dc75c elementor-align-center elementor-widget elementor-widget-button\" data-id=\"63dc75c\" data-element_type=\"widget\" data-widget_type=\"button.default\">\n\t\t\t\t<div class=\"elementor-widget-container\">\n\t\t\t\t\t<div class=\"elementor-button-wrapper\">\n\t\t\t<a href=\"http:\/\/cfto.it\/2022\/contatti\/\" class=\"elementor-button-link elementor-button elementor-size-sm\" role=\"button\">\n\t\t\t\t\t\t<span class=\"elementor-button-content-wrapper\">\n\t\t\t\t\t\t<span class=\"elementor-button-text\">Chiedi la collaborazione tra la nostra equipe di osteopati e il tuo dentista<\/span>\n\t\t<\/span>\n\t\t\t\t\t<\/a>\n\t\t<\/div>\n\t\t\t\t<\/div>\n\t\t\t\t<\/div>\n\t\t\t\t\t<\/div>\n\t\t<\/div>\n\t\t\t\t<div class=\"elementor-column elementor-col-33 elementor-top-column elementor-element elementor-element-d2e337e\" data-id=\"d2e337e\" data-element_type=\"column\">\n\t\t\t<div class=\"elementor-widget-wrap elementor-element-populated\">\n\t\t\t\t\t\t\t\t<div class=\"elementor-element elementor-element-54517a1 elementor-toc--content-ellipsis elementor-widget elementor-widget-table-of-contents\" data-id=\"54517a1\" data-element_type=\"widget\" data-settings=\"{&quot;headings_by_tags&quot;:[&quot;h2&quot;,&quot;h3&quot;],&quot;exclude_headings_by_selector&quot;:[],&quot;marker_view&quot;:&quot;bullets&quot;,&quot;icon&quot;:{&quot;value&quot;:&quot;fas fa-circle&quot;,&quot;library&quot;:&quot;fa-solid&quot;},&quot;min_height&quot;:{&quot;unit&quot;:&quot;px&quot;,&quot;size&quot;:&quot;&quot;,&quot;sizes&quot;:[]},&quot;min_height_tablet&quot;:{&quot;unit&quot;:&quot;px&quot;,&quot;size&quot;:&quot;&quot;,&quot;sizes&quot;:[]},&quot;min_height_mobile&quot;:{&quot;unit&quot;:&quot;px&quot;,&quot;size&quot;:&quot;&quot;,&quot;sizes&quot;:[]}}\" data-widget_type=\"table-of-contents.default\">\n\t\t\t\t<div class=\"elementor-widget-container\">\n\t\t\t\t\t<div class=\"elementor-toc__header\">\n\t\t\t<h3 class=\"elementor-toc__header-title\">\n\t\t\t\tIn questa pagina trovi...\t\t\t<\/h3>\n\t\t\t\t\t<\/div>\n\t\t<div class=\"elementor-toc__body\">\n\t\t\t<div class=\"elementor-toc__spinner-container\">\n\t\t\t\t<i class=\"elementor-toc__spinner eicon-animation-spin eicon-loading\" aria-hidden=\"true\"><\/i>\t\t\t<\/div>\n\t\t<\/div>\n\t\t\t\t<\/div>\n\t\t\t\t<\/div>\n\t\t\t\t\t<\/div>\n\t\t<\/div>\n\t\t\t\t\t\t\t<\/div>\n\t\t<\/section>\n\t\t\t\t\t\t<\/div>\n\t\t\t\t\t<\/div>\n\t\t","protected":false},"excerpt":{"rendered":"<p>Osteopatia posturale La postura di un soggetto dipende da moltissimi fattori, ma in termini semplici pu\u00f2 essere definita come la posizione del corpo in stazione eretta e pu\u00f2 essere considerata a livello statico o dinamico. Una cosa \u00e8 per\u00f2 certa, un buon osteopata non parler\u00e0 mai di una postura giusta o sbagliata, bens\u00ec di postura &hellip;<\/p>\n<p class=\"read-more\"> <a class=\"\" href=\"http:\/\/cfto.it\/2022\/trattamenti-osteopatici\/postura\/\"> <span class=\"screen-reader-text\">Osteopatia Posturale<\/span> Leggi altro &raquo;<\/a><\/p>\n","protected":false},"author":1,"featured_media":0,"parent":43,"menu_order":0,"comment_status":"closed","ping_status":"closed","template":"","meta":{"site-sidebar-layout":"no-sidebar","site-content-layout":"page-builder","ast-main-header-display":"","ast-hfb-above-header-display":"","ast-hfb-below-header-display":"","ast-hfb-mobile-header-display":"","site-post-title":"disabled","ast-breadcrumbs-content":"","ast-featured-img":"disabled","footer-sml-layout":"","theme-transparent-header-meta":"default","adv-header-id-meta":"","stick-header-meta":"","header-above-stick-meta":"","header-main-stick-meta":"","header-below-stick-meta":"","footnotes":""},"class_list":["post-1277","page","type-page","status-publish","hentry"],"acf":[],"yoast_head":"<!-- This site is optimized with the Yoast SEO plugin v17.8 - https:\/\/yoast.com\/wordpress\/plugins\/seo\/ -->\n<title>Osteopatia Posturale - CFTO<\/title>\n<meta name=\"description\" content=\"In CFTO puoi consultare un osteopata posturologo e seguire una terapia osteopatica posturale, svolgere ginnastica ed esercizi di riallineamento. Prenota.\" \/>\n<meta name=\"robots\" content=\"index, follow, max-snippet:-1, max-image-preview:large, max-video-preview:-1\" \/>\n<link rel=\"canonical\" href=\"http:\/\/cfto.it\/2022\/trattamenti-osteopatici\/postura\/\" \/>\n<meta property=\"og:locale\" content=\"it_IT\" \/>\n<meta property=\"og:type\" content=\"article\" \/>\n<meta property=\"og:title\" content=\"Osteopatia Posturale - CFTO\" \/>\n<meta property=\"og:description\" content=\"In CFTO puoi consultare un osteopata posturologo e seguire una terapia osteopatica posturale, svolgere ginnastica ed esercizi di riallineamento. Prenota.\" \/>\n<meta property=\"og:url\" content=\"http:\/\/cfto.it\/2022\/trattamenti-osteopatici\/postura\/\" \/>\n<meta property=\"og:site_name\" content=\"CFTO\" \/>\n<meta property=\"article:modified_time\" content=\"2021-12-07T14:37:45+00:00\" \/>\n<meta property=\"og:image\" content=\"http:\/\/cfto.it\/2022\/wp-content\/uploads\/2021\/07\/trattamenti-osteopatici-esami-clinici-1024x572.jpg\" \/>\n<meta name=\"twitter:card\" content=\"summary_large_image\" \/>\n<meta name=\"twitter:label1\" content=\"Tempo di lettura stimato\" \/>\n\t<meta name=\"twitter:data1\" content=\"4 minuti\" \/>\n<script type=\"application\/ld+json\" class=\"yoast-schema-graph\">{\"@context\":\"https:\/\/schema.org\",\"@graph\":[{\"@type\":\"Organization\",\"@id\":\"http:\/\/cfto.it\/2022\/#organization\",\"name\":\"CFTO - Centro di Formazione e Tirocinio Osteopatico\",\"url\":\"http:\/\/cfto.it\/2022\/\",\"sameAs\":[],\"logo\":{\"@type\":\"ImageObject\",\"@id\":\"http:\/\/cfto.it\/2022\/#logo\",\"inLanguage\":\"it-IT\",\"url\":\"http:\/\/cfto.it\/2022\/wp-content\/uploads\/2021\/07\/centro-formazione-tirocinio-osteopatico.png\",\"contentUrl\":\"http:\/\/cfto.it\/2022\/wp-content\/uploads\/2021\/07\/centro-formazione-tirocinio-osteopatico.png\",\"width\":676,\"height\":297,\"caption\":\"CFTO - Centro di Formazione e Tirocinio Osteopatico\"},\"image\":{\"@id\":\"http:\/\/cfto.it\/2022\/#logo\"}},{\"@type\":\"WebSite\",\"@id\":\"http:\/\/cfto.it\/2022\/#website\",\"url\":\"http:\/\/cfto.it\/2022\/\",\"name\":\"CFTO\",\"description\":\"Centro Formativo Tirocinio Osteopatico\",\"publisher\":{\"@id\":\"http:\/\/cfto.it\/2022\/#organization\"},\"potentialAction\":[{\"@type\":\"SearchAction\",\"target\":{\"@type\":\"EntryPoint\",\"urlTemplate\":\"http:\/\/cfto.it\/2022\/?s={search_term_string}\"},\"query-input\":\"required name=search_term_string\"}],\"inLanguage\":\"it-IT\"},{\"@type\":\"ImageObject\",\"@id\":\"http:\/\/cfto.it\/2022\/trattamenti-osteopatici\/postura\/#primaryimage\",\"inLanguage\":\"it-IT\",\"url\":\"http:\/\/cfto.it\/2022\/wp-content\/uploads\/2021\/07\/trattamenti-osteopatici-esami-clinici.jpg\",\"contentUrl\":\"http:\/\/cfto.it\/2022\/wp-content\/uploads\/2021\/07\/trattamenti-osteopatici-esami-clinici.jpg\",\"width\":1920,\"height\":1072},{\"@type\":\"WebPage\",\"@id\":\"http:\/\/cfto.it\/2022\/trattamenti-osteopatici\/postura\/#webpage\",\"url\":\"http:\/\/cfto.it\/2022\/trattamenti-osteopatici\/postura\/\",\"name\":\"Osteopatia Posturale - CFTO\",\"isPartOf\":{\"@id\":\"http:\/\/cfto.it\/2022\/#website\"},\"primaryImageOfPage\":{\"@id\":\"http:\/\/cfto.it\/2022\/trattamenti-osteopatici\/postura\/#primaryimage\"},\"datePublished\":\"2021-09-17T09:37:06+00:00\",\"dateModified\":\"2021-12-07T14:37:45+00:00\",\"description\":\"In CFTO puoi consultare un osteopata posturologo e seguire una terapia osteopatica posturale, svolgere ginnastica ed esercizi di riallineamento. Prenota.\",\"breadcrumb\":{\"@id\":\"http:\/\/cfto.it\/2022\/trattamenti-osteopatici\/postura\/#breadcrumb\"},\"inLanguage\":\"it-IT\",\"potentialAction\":[{\"@type\":\"ReadAction\",\"target\":[\"http:\/\/cfto.it\/2022\/trattamenti-osteopatici\/postura\/\"]}]},{\"@type\":\"BreadcrumbList\",\"@id\":\"http:\/\/cfto.it\/2022\/trattamenti-osteopatici\/postura\/#breadcrumb\",\"itemListElement\":[{\"@type\":\"ListItem\",\"position\":1,\"name\":\"Home\",\"item\":\"http:\/\/cfto.it\/2022\/\"},{\"@type\":\"ListItem\",\"position\":2,\"name\":\"Trattamenti Osteopatici\",\"item\":\"http:\/\/cfto.it\/2022\/trattamenti-osteopatici\/\"},{\"@type\":\"ListItem\",\"position\":3,\"name\":\"Osteopatia Posturale\"}]}]}<\/script>\n<!-- \/ Yoast SEO plugin. -->","yoast_head_json":{"title":"Osteopatia Posturale - CFTO","description":"In CFTO puoi consultare un osteopata posturologo e seguire una terapia osteopatica posturale, svolgere ginnastica ed esercizi di riallineamento. Prenota.","robots":{"index":"index","follow":"follow","max-snippet":"max-snippet:-1","max-image-preview":"max-image-preview:large","max-video-preview":"max-video-preview:-1"},"canonical":"http:\/\/cfto.it\/2022\/trattamenti-osteopatici\/postura\/","og_locale":"it_IT","og_type":"article","og_title":"Osteopatia Posturale - CFTO","og_description":"In CFTO puoi consultare un osteopata posturologo e seguire una terapia osteopatica posturale, svolgere ginnastica ed esercizi di riallineamento. Prenota.","og_url":"http:\/\/cfto.it\/2022\/trattamenti-osteopatici\/postura\/","og_site_name":"CFTO","article_modified_time":"2021-12-07T14:37:45+00:00","og_image":[{"url":"http:\/\/cfto.it\/2022\/wp-content\/uploads\/2021\/07\/trattamenti-osteopatici-esami-clinici-1024x572.jpg"}],"twitter_card":"summary_large_image","twitter_misc":{"Tempo di lettura stimato":"4 minuti"},"schema":{"@context":"https:\/\/schema.org","@graph":[{"@type":"Organization","@id":"http:\/\/cfto.it\/2022\/#organization","name":"CFTO - Centro di Formazione e Tirocinio Osteopatico","url":"http:\/\/cfto.it\/2022\/","sameAs":[],"logo":{"@type":"ImageObject","@id":"http:\/\/cfto.it\/2022\/#logo","inLanguage":"it-IT","url":"http:\/\/cfto.it\/2022\/wp-content\/uploads\/2021\/07\/centro-formazione-tirocinio-osteopatico.png","contentUrl":"http:\/\/cfto.it\/2022\/wp-content\/uploads\/2021\/07\/centro-formazione-tirocinio-osteopatico.png","width":676,"height":297,"caption":"CFTO - Centro di Formazione e Tirocinio Osteopatico"},"image":{"@id":"http:\/\/cfto.it\/2022\/#logo"}},{"@type":"WebSite","@id":"http:\/\/cfto.it\/2022\/#website","url":"http:\/\/cfto.it\/2022\/","name":"CFTO","description":"Centro Formativo Tirocinio Osteopatico","publisher":{"@id":"http:\/\/cfto.it\/2022\/#organization"},"potentialAction":[{"@type":"SearchAction","target":{"@type":"EntryPoint","urlTemplate":"http:\/\/cfto.it\/2022\/?s={search_term_string}"},"query-input":"required name=search_term_string"}],"inLanguage":"it-IT"},{"@type":"ImageObject","@id":"http:\/\/cfto.it\/2022\/trattamenti-osteopatici\/postura\/#primaryimage","inLanguage":"it-IT","url":"http:\/\/cfto.it\/2022\/wp-content\/uploads\/2021\/07\/trattamenti-osteopatici-esami-clinici.jpg","contentUrl":"http:\/\/cfto.it\/2022\/wp-content\/uploads\/2021\/07\/trattamenti-osteopatici-esami-clinici.jpg","width":1920,"height":1072},{"@type":"WebPage","@id":"http:\/\/cfto.it\/2022\/trattamenti-osteopatici\/postura\/#webpage","url":"http:\/\/cfto.it\/2022\/trattamenti-osteopatici\/postura\/","name":"Osteopatia Posturale - CFTO","isPartOf":{"@id":"http:\/\/cfto.it\/2022\/#website"},"primaryImageOfPage":{"@id":"http:\/\/cfto.it\/2022\/trattamenti-osteopatici\/postura\/#primaryimage"},"datePublished":"2021-09-17T09:37:06+00:00","dateModified":"2021-12-07T14:37:45+00:00","description":"In CFTO puoi consultare un osteopata posturologo e seguire una terapia osteopatica posturale, svolgere ginnastica ed esercizi di riallineamento. Prenota.","breadcrumb":{"@id":"http:\/\/cfto.it\/2022\/trattamenti-osteopatici\/postura\/#breadcrumb"},"inLanguage":"it-IT","potentialAction":[{"@type":"ReadAction","target":["http:\/\/cfto.it\/2022\/trattamenti-osteopatici\/postura\/"]}]},{"@type":"BreadcrumbList","@id":"http:\/\/cfto.it\/2022\/trattamenti-osteopatici\/postura\/#breadcrumb","itemListElement":[{"@type":"ListItem","position":1,"name":"Home","item":"http:\/\/cfto.it\/2022\/"},{"@type":"ListItem","position":2,"name":"Trattamenti Osteopatici","item":"http:\/\/cfto.it\/2022\/trattamenti-osteopatici\/"},{"@type":"ListItem","position":3,"name":"Osteopatia Posturale"}]}]}},"_links":{"self":[{"href":"http:\/\/cfto.it\/2022\/wp-json\/wp\/v2\/pages\/1277","targetHints":{"allow":["GET"]}}],"collection":[{"href":"http:\/\/cfto.it\/2022\/wp-json\/wp\/v2\/pages"}],"about":[{"href":"http:\/\/cfto.it\/2022\/wp-json\/wp\/v2\/types\/page"}],"author":[{"embeddable":true,"href":"http:\/\/cfto.it\/2022\/wp-json\/wp\/v2\/users\/1"}],"replies":[{"embeddable":true,"href":"http:\/\/cfto.it\/2022\/wp-json\/wp\/v2\/comments?post=1277"}],"version-history":[{"count":57,"href":"http:\/\/cfto.it\/2022\/wp-json\/wp\/v2\/pages\/1277\/revisions"}],"predecessor-version":[{"id":2568,"href":"http:\/\/cfto.it\/2022\/wp-json\/wp\/v2\/pages\/1277\/revisions\/2568"}],"up":[{"embeddable":true,"href":"http:\/\/cfto.it\/2022\/wp-json\/wp\/v2\/pages\/43"}],"wp:attachment":[{"href":"http:\/\/cfto.it\/2022\/wp-json\/wp\/v2\/media?parent=1277"}],"curies":[{"name":"wp","href":"https:\/\/api.w.org\/{rel}","templated":true}]}}