{"id":1242,"date":"2021-09-17T11:07:53","date_gmt":"2021-09-17T09:07:53","guid":{"rendered":"http:\/\/cfto.it\/2022\/?page_id=1242"},"modified":"2021-12-07T15:19:51","modified_gmt":"2021-12-07T14:19:51","slug":"bambini-e-neonati","status":"publish","type":"page","link":"http:\/\/cfto.it\/2022\/trattamenti-osteopatici\/bambini-e-neonati\/","title":{"rendered":"Osteopatia Pediatrica e Neonatale"},"content":{"rendered":"\t\t<div data-elementor-type=\"wp-page\" data-elementor-id=\"1242\" class=\"elementor elementor-1242\" data-elementor-settings=\"[]\">\n\t\t\t\t\t\t\t<div class=\"elementor-section-wrap\">\n\t\t\t\t\t\t\t<section class=\"elementor-section elementor-top-section elementor-element elementor-element-965a4ec elementor-section-boxed elementor-section-height-default elementor-section-height-default\" data-id=\"965a4ec\" data-element_type=\"section\" data-settings=\"{&quot;background_background&quot;:&quot;classic&quot;}\">\n\t\t\t\t\t\t<div class=\"elementor-container elementor-column-gap-default\">\n\t\t\t\t\t<div class=\"elementor-column elementor-col-100 elementor-top-column elementor-element elementor-element-30fd40e\" data-id=\"30fd40e\" data-element_type=\"column\">\n\t\t\t<div class=\"elementor-widget-wrap elementor-element-populated\">\n\t\t\t\t\t\t\t\t<div class=\"elementor-element elementor-element-3ba3d4f elementor-widget elementor-widget-image\" data-id=\"3ba3d4f\" data-element_type=\"widget\" data-widget_type=\"image.default\">\n\t\t\t\t<div class=\"elementor-widget-container\">\n\t\t\t\t\t\t\t\t\t\t\t\t\t\t\t<img loading=\"lazy\" decoding=\"async\" width=\"1024\" height=\"293\" src=\"http:\/\/cfto.it\/2022\/wp-content\/uploads\/2021\/07\/header-trattamenti-osteopatici-1024x293.jpg\" class=\"attachment-large size-large\" alt=\"\" srcset=\"http:\/\/cfto.it\/2022\/wp-content\/uploads\/2021\/07\/header-trattamenti-osteopatici-1024x293.jpg 1024w, http:\/\/cfto.it\/2022\/wp-content\/uploads\/2021\/07\/header-trattamenti-osteopatici-300x86.jpg 300w, http:\/\/cfto.it\/2022\/wp-content\/uploads\/2021\/07\/header-trattamenti-osteopatici-768x220.jpg 768w, http:\/\/cfto.it\/2022\/wp-content\/uploads\/2021\/07\/header-trattamenti-osteopatici-1536x440.jpg 1536w, http:\/\/cfto.it\/2022\/wp-content\/uploads\/2021\/07\/header-trattamenti-osteopatici.jpg 1920w\" sizes=\"auto, (max-width: 1024px) 100vw, 1024px\" \/>\t\t\t\t\t\t\t\t\t\t\t\t\t\t\t<\/div>\n\t\t\t\t<\/div>\n\t\t\t\t\t<\/div>\n\t\t<\/div>\n\t\t\t\t\t\t\t<\/div>\n\t\t<\/section>\n\t\t\t\t<section class=\"elementor-section elementor-top-section elementor-element elementor-element-a91be72 elementor-section-boxed elementor-section-height-default elementor-section-height-default\" data-id=\"a91be72\" data-element_type=\"section\">\n\t\t\t\t\t\t<div class=\"elementor-container elementor-column-gap-default\">\n\t\t\t\t\t<div class=\"elementor-column elementor-col-66 elementor-top-column elementor-element elementor-element-e44cd2d\" data-id=\"e44cd2d\" data-element_type=\"column\">\n\t\t\t<div class=\"elementor-widget-wrap elementor-element-populated\">\n\t\t\t\t\t\t\t\t<div class=\"elementor-element elementor-element-bb97b65 elementor-widget elementor-widget-heading\" data-id=\"bb97b65\" data-element_type=\"widget\" data-widget_type=\"heading.default\">\n\t\t\t\t<div class=\"elementor-widget-container\">\n\t\t\t<h1 class=\"elementor-heading-title elementor-size-default\">Osteopatia per bambini e neonati:<br \/>un supporto per la crescita<\/h1>\t\t<\/div>\n\t\t\t\t<\/div>\n\t\t\t\t<div class=\"elementor-element elementor-element-022992a elementor-widget elementor-widget-text-editor\" data-id=\"022992a\" data-element_type=\"widget\" data-widget_type=\"text-editor.default\">\n\t\t\t\t<div class=\"elementor-widget-container\">\n\t\t\t\t\t\t\t<p>L&#8217;efficacia dell&#8217;<b>osteopatia <\/b><b>Pediatrica e<\/b><b> Neonatale<\/b> \u00e8 sempre pi\u00f9 riconosciuta e sono in aumento i progetti di inserimento dell&#8217;osteopata pediatrico e dell\u2019osteopata per i neonati in strutture ospedaliere pubbliche e private, soprattutto come supporto dei neonati prematuri.<\/p>\t\t\t\t\t\t<\/div>\n\t\t\t\t<\/div>\n\t\t\t\t<div class=\"elementor-element elementor-element-ff1547c elementor-widget elementor-widget-image\" data-id=\"ff1547c\" data-element_type=\"widget\" data-widget_type=\"image.default\">\n\t\t\t\t<div class=\"elementor-widget-container\">\n\t\t\t\t\t\t\t\t\t\t\t\t\t\t\t<img loading=\"lazy\" decoding=\"async\" width=\"900\" height=\"494\" src=\"http:\/\/cfto.it\/2022\/wp-content\/uploads\/2021\/11\/osteopatia-per-neonati.jpg\" class=\"attachment-full size-full\" alt=\"\" srcset=\"http:\/\/cfto.it\/2022\/wp-content\/uploads\/2021\/11\/osteopatia-per-neonati.jpg 900w, http:\/\/cfto.it\/2022\/wp-content\/uploads\/2021\/11\/osteopatia-per-neonati-300x165.jpg 300w, http:\/\/cfto.it\/2022\/wp-content\/uploads\/2021\/11\/osteopatia-per-neonati-768x422.jpg 768w\" sizes=\"auto, (max-width: 900px) 100vw, 900px\" \/>\t\t\t\t\t\t\t\t\t\t\t\t\t\t\t<\/div>\n\t\t\t\t<\/div>\n\t\t\t\t<div class=\"elementor-element elementor-element-de37ffb elementor-widget elementor-widget-heading\" data-id=\"de37ffb\" data-element_type=\"widget\" data-widget_type=\"heading.default\">\n\t\t\t\t<div class=\"elementor-widget-container\">\n\t\t\t<h2 class=\"elementor-heading-title elementor-size-default\">Osteopatia Neonatale<\/h2>\t\t<\/div>\n\t\t\t\t<\/div>\n\t\t\t\t<div class=\"elementor-element elementor-element-cc3bc38 elementor-widget elementor-widget-text-editor\" data-id=\"cc3bc38\" data-element_type=\"widget\" data-widget_type=\"text-editor.default\">\n\t\t\t\t<div class=\"elementor-widget-container\">\n\t\t\t\t\t\t\t<p>L&#8217;<b>osteopatia Neonatale<\/b> \u00e8 un approccio terapeutico dolce che, attraverso stimoli dell&#8217;apparato muscolo-scheletrico, porta i sistemi corporei (muscolare, articolare, vascolare, neurologico) a reagire allo stato disfunzionale ricercando la via dell&#8217;autoguarigione.<\/p><p>Infatti, il bambino per nascere compie un breve, ma intenso viaggio che lo sottopone a pressioni e forze elevate. Le asimmetrie generate dal parto sono perlopi\u00f9 benigne ma, se trascurate, possono degenerare e causare nel neonato disturbi e insofferenze come: irritabilit\u00e0, difficolt\u00e0 di suzione e rigurgito frequente.\u00a0<\/p><p>In tutti questi casi l&#8217;osteopatia per i neonati pu\u00f2 essere un aiuto dolce per ottenere in modo efficace un rapido recupero di eventuali disarmonie.\u00a0<\/p>\t\t\t\t\t\t<\/div>\n\t\t\t\t<\/div>\n\t\t\t\t<div class=\"elementor-element elementor-element-dc768db elementor-widget elementor-widget-image\" data-id=\"dc768db\" data-element_type=\"widget\" data-widget_type=\"image.default\">\n\t\t\t\t<div class=\"elementor-widget-container\">\n\t\t\t\t\t\t\t\t\t\t\t\t\t\t\t<img loading=\"lazy\" decoding=\"async\" width=\"900\" height=\"493\" src=\"http:\/\/cfto.it\/2022\/wp-content\/uploads\/2021\/11\/osteopatia-per-bambini-osteopatia-pediatrica.jpg\" class=\"attachment-full size-full\" alt=\"\" srcset=\"http:\/\/cfto.it\/2022\/wp-content\/uploads\/2021\/11\/osteopatia-per-bambini-osteopatia-pediatrica.jpg 900w, http:\/\/cfto.it\/2022\/wp-content\/uploads\/2021\/11\/osteopatia-per-bambini-osteopatia-pediatrica-300x164.jpg 300w, http:\/\/cfto.it\/2022\/wp-content\/uploads\/2021\/11\/osteopatia-per-bambini-osteopatia-pediatrica-768x421.jpg 768w\" sizes=\"auto, (max-width: 900px) 100vw, 900px\" \/>\t\t\t\t\t\t\t\t\t\t\t\t\t\t\t<\/div>\n\t\t\t\t<\/div>\n\t\t\t\t<div class=\"elementor-element elementor-element-49ffaef elementor-widget elementor-widget-heading\" data-id=\"49ffaef\" data-element_type=\"widget\" data-widget_type=\"heading.default\">\n\t\t\t\t<div class=\"elementor-widget-container\">\n\t\t\t<h2 class=\"elementor-heading-title elementor-size-default\">Osteopatia Pediatrica<\/h2>\t\t<\/div>\n\t\t\t\t<\/div>\n\t\t\t\t<div class=\"elementor-element elementor-element-a264e87 elementor-widget elementor-widget-text-editor\" data-id=\"a264e87\" data-element_type=\"widget\" data-widget_type=\"text-editor.default\">\n\t\t\t\t<div class=\"elementor-widget-container\">\n\t\t\t\t\t\t\t<p>L\u2019osteopatia per bambini \u00e8 una disciplina delicata e allo stesso tempo fondamentale per la prevenzione dei disturbi pi\u00f9 frequenti dei pi\u00f9 piccoli.<\/p><p>Il CFTO \u00e8 un punto di riferimento nell\u2019osteopatia pediatrica, presso il nostro centro\u00a0 si sta svolgendo il corso post graduate di specializzazione in ambito pediatrico \u201cApproccio osteopatico neonatologico nel contesto clinico\u201d tenuto da Stefania Seppia, osteopata\u00a0 specializzata nell\u2019area pediatrica.<\/p><p>A fronte di una richiesta crescente del supporto dell&#8217;osteopata per neonati e bambini, il nostro centro risponde con la possibilit\u00e0 di beneficiare di un equipe di osteopati in modo completamente gratuito per tutta la durata del corso.<\/p>\t\t\t\t\t\t<\/div>\n\t\t\t\t<\/div>\n\t\t\t\t<div class=\"elementor-element elementor-element-1915170 elementor-widget elementor-widget-heading\" data-id=\"1915170\" data-element_type=\"widget\" data-widget_type=\"heading.default\">\n\t\t\t\t<div class=\"elementor-widget-container\">\n\t\t\t<h2 class=\"elementor-heading-title elementor-size-default\">Trattamenti osteopatici specifici per neonati e bambini<\/h2>\t\t<\/div>\n\t\t\t\t<\/div>\n\t\t\t\t<div class=\"elementor-element elementor-element-47df977 elementor-widget elementor-widget-text-editor\" data-id=\"47df977\" data-element_type=\"widget\" data-widget_type=\"text-editor.default\">\n\t\t\t\t<div class=\"elementor-widget-container\">\n\t\t\t\t\t\t\t<p>Il CFTO pu\u00f2 intervenire come supporto per molte problematiche specifiche dei neonati e dei bambini attraverso trattamenti osteopatici mirati.<\/p><p>In particolare, grazie a trattamenti di osteopatia craniale e cranio-sacrale specifici per bambini e neonati, la nostra equipe pu\u00f2 contribuire al miglioramento dello stato di benessere psico-fisico del bambino e del neonato intervenendo in casi di:<\/p><ul><li aria-level=\"1\">Difficolt\u00e0 di suzione in allattamento<\/li><li aria-level=\"1\">Pianto e irritabilit\u00e0<\/li><li aria-level=\"1\">Coliche<\/li><li aria-level=\"1\">Difficolt\u00e0 nell&#8217;addormentamento<\/li><li aria-level=\"1\">Otiti frequenti e sinusiti<\/li><li aria-level=\"1\">Rigurgiti e reflusso gastroesofageo<\/li><li aria-level=\"1\">Stitichezza<\/li><li aria-level=\"1\">Plagiocefalia dovuta al parto o posizionale<\/li><li aria-level=\"1\">Torcicollo miogeno congenito<\/li><\/ul>\t\t\t\t\t\t<\/div>\n\t\t\t\t<\/div>\n\t\t\t\t<div class=\"elementor-element elementor-element-108b369 elementor-widget elementor-widget-heading\" data-id=\"108b369\" data-element_type=\"widget\" data-widget_type=\"heading.default\">\n\t\t\t\t<div class=\"elementor-widget-container\">\n\t\t\t<h3 class=\"elementor-heading-title elementor-size-default\">Come ci prendiamo cura del tuo bambino?<\/h3>\t\t<\/div>\n\t\t\t\t<\/div>\n\t\t\t\t<div class=\"elementor-element elementor-element-248eafd elementor-widget elementor-widget-text-editor\" data-id=\"248eafd\" data-element_type=\"widget\" data-widget_type=\"text-editor.default\">\n\t\t\t\t<div class=\"elementor-widget-container\">\n\t\t\t\t\t\t\t<p>Nel nostro centro tu e il tuo bambino verrete accolti non da un singolo osteopata ma da un&#8217;equipe di professionisti che nel corso della prima visita raccoglier\u00e0 tutte le informazioni sulla sua storia clinica: a partire dalla gravidanza per arrivare alla nascita e al momento del consulto. L&#8217;equipe, prima di eseguire il trattamento, si confronter\u00e0 sul caso per trovare l&#8217;approccio terapeutico pi\u00f9 idoneo.<\/p>\t\t\t\t\t\t<\/div>\n\t\t\t\t<\/div>\n\t\t\t\t<div class=\"elementor-element elementor-element-dd6ee80 elementor-widget elementor-widget-heading\" data-id=\"dd6ee80\" data-element_type=\"widget\" data-widget_type=\"heading.default\">\n\t\t\t\t<div class=\"elementor-widget-container\">\n\t\t\t<h3 class=\"elementor-heading-title elementor-size-default\">L'osteopatia per bambini e neonati ha controindicazioni?<\/h3>\t\t<\/div>\n\t\t\t\t<\/div>\n\t\t\t\t<div class=\"elementor-element elementor-element-e92029b elementor-widget elementor-widget-text-editor\" data-id=\"e92029b\" data-element_type=\"widget\" data-widget_type=\"text-editor.default\">\n\t\t\t\t<div class=\"elementor-widget-container\">\n\t\t\t\t\t\t\t<p>Nei giorni successivi al trattamento il bambino potrebbe risultare pi\u00f9 irritabile o per contro molto pi\u00f9 rilassato. Le prime reazioni sono molto soggettive e non hanno nulla a che vedere con i veri effetti dell&#8217;osteopatia, ma sono imputabili al fatto di essere intervenuti in un disequilibrio. Di per s\u00e9 infatti, i trattamenti osteopatici non presentano effetti collaterali e i suoi benefici possono rivelarsi nell&#8217;immediato o nel lungo termine.\u00a0<\/p>\t\t\t\t\t\t<\/div>\n\t\t\t\t<\/div>\n\t\t\t\t<div class=\"elementor-element elementor-element-3225cee elementor-align-center elementor-widget elementor-widget-button\" data-id=\"3225cee\" data-element_type=\"widget\" data-widget_type=\"button.default\">\n\t\t\t\t<div class=\"elementor-widget-container\">\n\t\t\t\t\t<div class=\"elementor-button-wrapper\">\n\t\t\t<a href=\"#elementor-action%3Aaction%3Dpopup%3Aopen%26settings%3DeyJpZCI6IjI4OSIsInRvZ2dsZSI6ZmFsc2V9\" class=\"elementor-button-link elementor-button elementor-size-sm\" role=\"button\">\n\t\t\t\t\t\t<span class=\"elementor-button-content-wrapper\">\n\t\t\t\t\t\t<span class=\"elementor-button-text\">Prenota una visita presso CFTO<\/span>\n\t\t<\/span>\n\t\t\t\t\t<\/a>\n\t\t<\/div>\n\t\t\t\t<\/div>\n\t\t\t\t<\/div>\n\t\t\t\t\t<\/div>\n\t\t<\/div>\n\t\t\t\t<div class=\"elementor-column elementor-col-33 elementor-top-column elementor-element elementor-element-00f7261\" data-id=\"00f7261\" data-element_type=\"column\">\n\t\t\t<div class=\"elementor-widget-wrap elementor-element-populated\">\n\t\t\t\t\t\t\t\t<div class=\"elementor-element elementor-element-635ae68 elementor-toc--content-ellipsis elementor-widget elementor-widget-table-of-contents\" data-id=\"635ae68\" data-element_type=\"widget\" data-settings=\"{&quot;headings_by_tags&quot;:[&quot;h3&quot;],&quot;exclude_headings_by_selector&quot;:[],&quot;marker_view&quot;:&quot;bullets&quot;,&quot;icon&quot;:{&quot;value&quot;:&quot;fas fa-circle&quot;,&quot;library&quot;:&quot;fa-solid&quot;},&quot;min_height&quot;:{&quot;unit&quot;:&quot;px&quot;,&quot;size&quot;:&quot;&quot;,&quot;sizes&quot;:[]},&quot;min_height_tablet&quot;:{&quot;unit&quot;:&quot;px&quot;,&quot;size&quot;:&quot;&quot;,&quot;sizes&quot;:[]},&quot;min_height_mobile&quot;:{&quot;unit&quot;:&quot;px&quot;,&quot;size&quot;:&quot;&quot;,&quot;sizes&quot;:[]}}\" data-widget_type=\"table-of-contents.default\">\n\t\t\t\t<div class=\"elementor-widget-container\">\n\t\t\t\t\t<div class=\"elementor-toc__header\">\n\t\t\t<h3 class=\"elementor-toc__header-title\">\n\t\t\t\tIn questa pagina trovi...\t\t\t<\/h3>\n\t\t\t\t\t<\/div>\n\t\t<div class=\"elementor-toc__body\">\n\t\t\t<div class=\"elementor-toc__spinner-container\">\n\t\t\t\t<i class=\"elementor-toc__spinner eicon-animation-spin eicon-loading\" aria-hidden=\"true\"><\/i>\t\t\t<\/div>\n\t\t<\/div>\n\t\t\t\t<\/div>\n\t\t\t\t<\/div>\n\t\t\t\t\t<\/div>\n\t\t<\/div>\n\t\t\t\t\t\t\t<\/div>\n\t\t<\/section>\n\t\t\t\t\t\t<\/div>\n\t\t\t\t\t<\/div>\n\t\t","protected":false},"excerpt":{"rendered":"<p>Osteopatia per bambini e neonati:un supporto per la crescita L&#8217;efficacia dell&#8217;osteopatia Pediatrica e Neonatale \u00e8 sempre pi\u00f9 riconosciuta e sono in aumento i progetti di inserimento dell&#8217;osteopata pediatrico e dell\u2019osteopata per i neonati in strutture ospedaliere pubbliche e private, soprattutto come supporto dei neonati prematuri. Osteopatia Neonatale L&#8217;osteopatia Neonatale \u00e8 un approccio terapeutico dolce che, &hellip;<\/p>\n<p class=\"read-more\"> <a class=\"\" href=\"http:\/\/cfto.it\/2022\/trattamenti-osteopatici\/bambini-e-neonati\/\"> <span class=\"screen-reader-text\">Osteopatia Pediatrica e Neonatale<\/span> Leggi altro &raquo;<\/a><\/p>\n","protected":false},"author":1,"featured_media":0,"parent":43,"menu_order":0,"comment_status":"closed","ping_status":"closed","template":"","meta":{"site-sidebar-layout":"no-sidebar","site-content-layout":"page-builder","ast-main-header-display":"","ast-hfb-above-header-display":"","ast-hfb-below-header-display":"","ast-hfb-mobile-header-display":"","site-post-title":"disabled","ast-breadcrumbs-content":"","ast-featured-img":"disabled","footer-sml-layout":"","theme-transparent-header-meta":"default","adv-header-id-meta":"","stick-header-meta":"","header-above-stick-meta":"","header-main-stick-meta":"","header-below-stick-meta":"","footnotes":""},"class_list":["post-1242","page","type-page","status-publish","hentry"],"acf":[],"yoast_head":"<!-- This site is optimized with the Yoast SEO plugin v17.8 - https:\/\/yoast.com\/wordpress\/plugins\/seo\/ -->\n<title>Osteopatia Pediatrica e Neonatale - CFTO<\/title>\n<meta name=\"description\" content=\"CFTO offre trattamenti di osteopatia per bambini e neonati. Contatta il Centro per maggiori dettagli su cure e sedute di osteopatia Pediatrica e Neonatale.\" \/>\n<meta name=\"robots\" content=\"index, follow, max-snippet:-1, max-image-preview:large, max-video-preview:-1\" \/>\n<link rel=\"canonical\" href=\"http:\/\/cfto.it\/2022\/trattamenti-osteopatici\/bambini-e-neonati\/\" \/>\n<meta property=\"og:locale\" content=\"it_IT\" \/>\n<meta property=\"og:type\" content=\"article\" \/>\n<meta property=\"og:title\" content=\"Osteopatia Pediatrica e Neonatale - CFTO\" \/>\n<meta property=\"og:description\" content=\"CFTO offre trattamenti di osteopatia per bambini e neonati. Contatta il Centro per maggiori dettagli su cure e sedute di osteopatia Pediatrica e Neonatale.\" \/>\n<meta property=\"og:url\" content=\"http:\/\/cfto.it\/2022\/trattamenti-osteopatici\/bambini-e-neonati\/\" \/>\n<meta property=\"og:site_name\" content=\"CFTO\" \/>\n<meta property=\"article:modified_time\" content=\"2021-12-07T14:19:51+00:00\" \/>\n<meta property=\"og:image\" content=\"http:\/\/cfto.it\/2022\/wp-content\/uploads\/2021\/07\/header-trattamenti-osteopatici-1024x293.jpg\" \/>\n<meta name=\"twitter:card\" content=\"summary_large_image\" \/>\n<meta name=\"twitter:label1\" content=\"Tempo di lettura stimato\" \/>\n\t<meta name=\"twitter:data1\" content=\"3 minuti\" \/>\n<script type=\"application\/ld+json\" class=\"yoast-schema-graph\">{\"@context\":\"https:\/\/schema.org\",\"@graph\":[{\"@type\":\"Organization\",\"@id\":\"http:\/\/cfto.it\/2022\/#organization\",\"name\":\"CFTO - Centro di Formazione e Tirocinio Osteopatico\",\"url\":\"http:\/\/cfto.it\/2022\/\",\"sameAs\":[],\"logo\":{\"@type\":\"ImageObject\",\"@id\":\"http:\/\/cfto.it\/2022\/#logo\",\"inLanguage\":\"it-IT\",\"url\":\"http:\/\/cfto.it\/2022\/wp-content\/uploads\/2021\/07\/centro-formazione-tirocinio-osteopatico.png\",\"contentUrl\":\"http:\/\/cfto.it\/2022\/wp-content\/uploads\/2021\/07\/centro-formazione-tirocinio-osteopatico.png\",\"width\":676,\"height\":297,\"caption\":\"CFTO - Centro di Formazione e Tirocinio Osteopatico\"},\"image\":{\"@id\":\"http:\/\/cfto.it\/2022\/#logo\"}},{\"@type\":\"WebSite\",\"@id\":\"http:\/\/cfto.it\/2022\/#website\",\"url\":\"http:\/\/cfto.it\/2022\/\",\"name\":\"CFTO\",\"description\":\"Centro Formativo Tirocinio Osteopatico\",\"publisher\":{\"@id\":\"http:\/\/cfto.it\/2022\/#organization\"},\"potentialAction\":[{\"@type\":\"SearchAction\",\"target\":{\"@type\":\"EntryPoint\",\"urlTemplate\":\"http:\/\/cfto.it\/2022\/?s={search_term_string}\"},\"query-input\":\"required name=search_term_string\"}],\"inLanguage\":\"it-IT\"},{\"@type\":\"ImageObject\",\"@id\":\"http:\/\/cfto.it\/2022\/trattamenti-osteopatici\/bambini-e-neonati\/#primaryimage\",\"inLanguage\":\"it-IT\",\"url\":\"http:\/\/cfto.it\/2022\/wp-content\/uploads\/2021\/07\/header-trattamenti-osteopatici.jpg\",\"contentUrl\":\"http:\/\/cfto.it\/2022\/wp-content\/uploads\/2021\/07\/header-trattamenti-osteopatici.jpg\",\"width\":1920,\"height\":550},{\"@type\":\"WebPage\",\"@id\":\"http:\/\/cfto.it\/2022\/trattamenti-osteopatici\/bambini-e-neonati\/#webpage\",\"url\":\"http:\/\/cfto.it\/2022\/trattamenti-osteopatici\/bambini-e-neonati\/\",\"name\":\"Osteopatia Pediatrica e Neonatale - CFTO\",\"isPartOf\":{\"@id\":\"http:\/\/cfto.it\/2022\/#website\"},\"primaryImageOfPage\":{\"@id\":\"http:\/\/cfto.it\/2022\/trattamenti-osteopatici\/bambini-e-neonati\/#primaryimage\"},\"datePublished\":\"2021-09-17T09:07:53+00:00\",\"dateModified\":\"2021-12-07T14:19:51+00:00\",\"description\":\"CFTO offre trattamenti di osteopatia per bambini e neonati. Contatta il Centro per maggiori dettagli su cure e sedute di osteopatia Pediatrica e Neonatale.\",\"breadcrumb\":{\"@id\":\"http:\/\/cfto.it\/2022\/trattamenti-osteopatici\/bambini-e-neonati\/#breadcrumb\"},\"inLanguage\":\"it-IT\",\"potentialAction\":[{\"@type\":\"ReadAction\",\"target\":[\"http:\/\/cfto.it\/2022\/trattamenti-osteopatici\/bambini-e-neonati\/\"]}]},{\"@type\":\"BreadcrumbList\",\"@id\":\"http:\/\/cfto.it\/2022\/trattamenti-osteopatici\/bambini-e-neonati\/#breadcrumb\",\"itemListElement\":[{\"@type\":\"ListItem\",\"position\":1,\"name\":\"Home\",\"item\":\"http:\/\/cfto.it\/2022\/\"},{\"@type\":\"ListItem\",\"position\":2,\"name\":\"Trattamenti Osteopatici\",\"item\":\"http:\/\/cfto.it\/2022\/trattamenti-osteopatici\/\"},{\"@type\":\"ListItem\",\"position\":3,\"name\":\"Osteopatia Pediatrica e Neonatale\"}]}]}<\/script>\n<!-- \/ Yoast SEO plugin. -->","yoast_head_json":{"title":"Osteopatia Pediatrica e Neonatale - CFTO","description":"CFTO offre trattamenti di osteopatia per bambini e neonati. Contatta il Centro per maggiori dettagli su cure e sedute di osteopatia Pediatrica e Neonatale.","robots":{"index":"index","follow":"follow","max-snippet":"max-snippet:-1","max-image-preview":"max-image-preview:large","max-video-preview":"max-video-preview:-1"},"canonical":"http:\/\/cfto.it\/2022\/trattamenti-osteopatici\/bambini-e-neonati\/","og_locale":"it_IT","og_type":"article","og_title":"Osteopatia Pediatrica e Neonatale - CFTO","og_description":"CFTO offre trattamenti di osteopatia per bambini e neonati. Contatta il Centro per maggiori dettagli su cure e sedute di osteopatia Pediatrica e Neonatale.","og_url":"http:\/\/cfto.it\/2022\/trattamenti-osteopatici\/bambini-e-neonati\/","og_site_name":"CFTO","article_modified_time":"2021-12-07T14:19:51+00:00","og_image":[{"url":"http:\/\/cfto.it\/2022\/wp-content\/uploads\/2021\/07\/header-trattamenti-osteopatici-1024x293.jpg"}],"twitter_card":"summary_large_image","twitter_misc":{"Tempo di lettura stimato":"3 minuti"},"schema":{"@context":"https:\/\/schema.org","@graph":[{"@type":"Organization","@id":"http:\/\/cfto.it\/2022\/#organization","name":"CFTO - Centro di Formazione e Tirocinio Osteopatico","url":"http:\/\/cfto.it\/2022\/","sameAs":[],"logo":{"@type":"ImageObject","@id":"http:\/\/cfto.it\/2022\/#logo","inLanguage":"it-IT","url":"http:\/\/cfto.it\/2022\/wp-content\/uploads\/2021\/07\/centro-formazione-tirocinio-osteopatico.png","contentUrl":"http:\/\/cfto.it\/2022\/wp-content\/uploads\/2021\/07\/centro-formazione-tirocinio-osteopatico.png","width":676,"height":297,"caption":"CFTO - Centro di Formazione e Tirocinio Osteopatico"},"image":{"@id":"http:\/\/cfto.it\/2022\/#logo"}},{"@type":"WebSite","@id":"http:\/\/cfto.it\/2022\/#website","url":"http:\/\/cfto.it\/2022\/","name":"CFTO","description":"Centro Formativo Tirocinio Osteopatico","publisher":{"@id":"http:\/\/cfto.it\/2022\/#organization"},"potentialAction":[{"@type":"SearchAction","target":{"@type":"EntryPoint","urlTemplate":"http:\/\/cfto.it\/2022\/?s={search_term_string}"},"query-input":"required name=search_term_string"}],"inLanguage":"it-IT"},{"@type":"ImageObject","@id":"http:\/\/cfto.it\/2022\/trattamenti-osteopatici\/bambini-e-neonati\/#primaryimage","inLanguage":"it-IT","url":"http:\/\/cfto.it\/2022\/wp-content\/uploads\/2021\/07\/header-trattamenti-osteopatici.jpg","contentUrl":"http:\/\/cfto.it\/2022\/wp-content\/uploads\/2021\/07\/header-trattamenti-osteopatici.jpg","width":1920,"height":550},{"@type":"WebPage","@id":"http:\/\/cfto.it\/2022\/trattamenti-osteopatici\/bambini-e-neonati\/#webpage","url":"http:\/\/cfto.it\/2022\/trattamenti-osteopatici\/bambini-e-neonati\/","name":"Osteopatia Pediatrica e Neonatale - CFTO","isPartOf":{"@id":"http:\/\/cfto.it\/2022\/#website"},"primaryImageOfPage":{"@id":"http:\/\/cfto.it\/2022\/trattamenti-osteopatici\/bambini-e-neonati\/#primaryimage"},"datePublished":"2021-09-17T09:07:53+00:00","dateModified":"2021-12-07T14:19:51+00:00","description":"CFTO offre trattamenti di osteopatia per bambini e neonati. Contatta il Centro per maggiori dettagli su cure e sedute di osteopatia Pediatrica e Neonatale.","breadcrumb":{"@id":"http:\/\/cfto.it\/2022\/trattamenti-osteopatici\/bambini-e-neonati\/#breadcrumb"},"inLanguage":"it-IT","potentialAction":[{"@type":"ReadAction","target":["http:\/\/cfto.it\/2022\/trattamenti-osteopatici\/bambini-e-neonati\/"]}]},{"@type":"BreadcrumbList","@id":"http:\/\/cfto.it\/2022\/trattamenti-osteopatici\/bambini-e-neonati\/#breadcrumb","itemListElement":[{"@type":"ListItem","position":1,"name":"Home","item":"http:\/\/cfto.it\/2022\/"},{"@type":"ListItem","position":2,"name":"Trattamenti Osteopatici","item":"http:\/\/cfto.it\/2022\/trattamenti-osteopatici\/"},{"@type":"ListItem","position":3,"name":"Osteopatia Pediatrica e Neonatale"}]}]}},"_links":{"self":[{"href":"http:\/\/cfto.it\/2022\/wp-json\/wp\/v2\/pages\/1242","targetHints":{"allow":["GET"]}}],"collection":[{"href":"http:\/\/cfto.it\/2022\/wp-json\/wp\/v2\/pages"}],"about":[{"href":"http:\/\/cfto.it\/2022\/wp-json\/wp\/v2\/types\/page"}],"author":[{"embeddable":true,"href":"http:\/\/cfto.it\/2022\/wp-json\/wp\/v2\/users\/1"}],"replies":[{"embeddable":true,"href":"http:\/\/cfto.it\/2022\/wp-json\/wp\/v2\/comments?post=1242"}],"version-history":[{"count":88,"href":"http:\/\/cfto.it\/2022\/wp-json\/wp\/v2\/pages\/1242\/revisions"}],"predecessor-version":[{"id":2544,"href":"http:\/\/cfto.it\/2022\/wp-json\/wp\/v2\/pages\/1242\/revisions\/2544"}],"up":[{"embeddable":true,"href":"http:\/\/cfto.it\/2022\/wp-json\/wp\/v2\/pages\/43"}],"wp:attachment":[{"href":"http:\/\/cfto.it\/2022\/wp-json\/wp\/v2\/media?parent=1242"}],"curies":[{"name":"wp","href":"https:\/\/api.w.org\/{rel}","templated":true}]}}