{"id":1230,"date":"2021-09-17T10:47:26","date_gmt":"2021-09-17T08:47:26","guid":{"rendered":"http:\/\/cfto.it\/2022\/?page_id=1230"},"modified":"2021-12-07T11:37:51","modified_gmt":"2021-12-07T10:37:51","slug":"gravidanza-e-ginecologia","status":"publish","type":"page","link":"http:\/\/cfto.it\/2022\/trattamenti-osteopatici\/gravidanza-e-ginecologia\/","title":{"rendered":"Osteopatia in gravidanza e ginecologica"},"content":{"rendered":"\t\t<div data-elementor-type=\"wp-page\" data-elementor-id=\"1230\" class=\"elementor elementor-1230\" data-elementor-settings=\"[]\">\n\t\t\t\t\t\t\t<div class=\"elementor-section-wrap\">\n\t\t\t\t\t\t\t<section class=\"elementor-section elementor-top-section elementor-element elementor-element-40b8a55 elementor-section-boxed elementor-section-height-default elementor-section-height-default\" data-id=\"40b8a55\" data-element_type=\"section\" data-settings=\"{&quot;background_background&quot;:&quot;classic&quot;}\">\n\t\t\t\t\t\t<div class=\"elementor-container elementor-column-gap-default\">\n\t\t\t\t\t<div class=\"elementor-column elementor-col-100 elementor-top-column elementor-element elementor-element-ab3ad32\" data-id=\"ab3ad32\" data-element_type=\"column\">\n\t\t\t<div class=\"elementor-widget-wrap elementor-element-populated\">\n\t\t\t\t\t\t\t\t<div class=\"elementor-element elementor-element-7edf372 elementor-widget elementor-widget-image\" data-id=\"7edf372\" data-element_type=\"widget\" data-widget_type=\"image.default\">\n\t\t\t\t<div class=\"elementor-widget-container\">\n\t\t\t\t\t\t\t\t\t\t\t\t\t\t\t<img loading=\"lazy\" decoding=\"async\" width=\"1280\" height=\"480\" src=\"http:\/\/cfto.it\/2022\/wp-content\/uploads\/2021\/11\/osteopatia-ostetrico-ginecologica.jpg\" class=\"attachment-full size-full\" alt=\"\" srcset=\"http:\/\/cfto.it\/2022\/wp-content\/uploads\/2021\/11\/osteopatia-ostetrico-ginecologica.jpg 1280w, http:\/\/cfto.it\/2022\/wp-content\/uploads\/2021\/11\/osteopatia-ostetrico-ginecologica-300x113.jpg 300w, http:\/\/cfto.it\/2022\/wp-content\/uploads\/2021\/11\/osteopatia-ostetrico-ginecologica-1024x384.jpg 1024w, http:\/\/cfto.it\/2022\/wp-content\/uploads\/2021\/11\/osteopatia-ostetrico-ginecologica-768x288.jpg 768w\" sizes=\"auto, (max-width: 1280px) 100vw, 1280px\" \/>\t\t\t\t\t\t\t\t\t\t\t\t\t\t\t<\/div>\n\t\t\t\t<\/div>\n\t\t\t\t\t<\/div>\n\t\t<\/div>\n\t\t\t\t\t\t\t<\/div>\n\t\t<\/section>\n\t\t\t\t<section class=\"elementor-section elementor-top-section elementor-element elementor-element-fcada75 elementor-section-boxed elementor-section-height-default elementor-section-height-default\" data-id=\"fcada75\" data-element_type=\"section\">\n\t\t\t\t\t\t<div class=\"elementor-container elementor-column-gap-default\">\n\t\t\t\t\t<div class=\"elementor-column elementor-col-66 elementor-top-column elementor-element elementor-element-09b9cc3\" data-id=\"09b9cc3\" data-element_type=\"column\">\n\t\t\t<div class=\"elementor-widget-wrap elementor-element-populated\">\n\t\t\t\t\t\t\t\t<div class=\"elementor-element elementor-element-bd1847e elementor-widget elementor-widget-heading\" data-id=\"bd1847e\" data-element_type=\"widget\" data-widget_type=\"heading.default\">\n\t\t\t\t<div class=\"elementor-widget-container\">\n\t\t\t<h1 class=\"elementor-heading-title elementor-size-default\">Osteopatia Ostetrico-Ginecologica<br \/>per la salute e il benessere della donna<\/h1>\t\t<\/div>\n\t\t\t\t<\/div>\n\t\t\t\t<div class=\"elementor-element elementor-element-68421e3 elementor-widget elementor-widget-text-editor\" data-id=\"68421e3\" data-element_type=\"widget\" data-widget_type=\"text-editor.default\">\n\t\t\t\t<div class=\"elementor-widget-container\">\n\t\t\t\t\t\t\t<p>Il cambiamento \u00e8 parte del mondo femminile. Per questo nel nostro centro ci prendiamo cura del benessere della donna con un&#8217;area dedicata all&#8217;<b>Osteopatia Ginecologica <\/b>e con una particolare attenzione all&#8217;<b>Osteopatia in Gravidanza.\u00a0<\/b><\/p><p>L&#8217;equipe di osteopati del CFTO \u00e8 in grado di offrire un valido supporto per affrontare al meglio tutte le fasi della vita di una donna, dall&#8217;adolescenza alla menopausa, e le problematiche affini.<\/p>\t\t\t\t\t\t<\/div>\n\t\t\t\t<\/div>\n\t\t\t\t<div class=\"elementor-element elementor-element-f5335dc elementor-widget elementor-widget-heading\" data-id=\"f5335dc\" data-element_type=\"widget\" data-widget_type=\"heading.default\">\n\t\t\t\t<div class=\"elementor-widget-container\">\n\t\t\t<h2 class=\"elementor-heading-title elementor-size-default\">Trattamenti osteopatici specifici per la salute femminile<\/h2>\t\t<\/div>\n\t\t\t\t<\/div>\n\t\t\t\t<div class=\"elementor-element elementor-element-78a1821 elementor-widget elementor-widget-heading\" data-id=\"78a1821\" data-element_type=\"widget\" data-widget_type=\"heading.default\">\n\t\t\t\t<div class=\"elementor-widget-container\">\n\t\t\t<h3 class=\"elementor-heading-title elementor-size-default\">Dolori mestruali<\/h3>\t\t<\/div>\n\t\t\t\t<\/div>\n\t\t\t\t<div class=\"elementor-element elementor-element-bfb5199 elementor-widget elementor-widget-text-editor\" data-id=\"bfb5199\" data-element_type=\"widget\" data-widget_type=\"text-editor.default\">\n\t\t\t\t<div class=\"elementor-widget-container\">\n\t\t\t\t\t\t\t<p>I dolori mestruali sono definiti in ambito medico col termine di dismenorrea primaria, sono associati alla mestruazione e non sono riconducibili ad alcuna patologia specifica. Ciononostante sono molto frequenti nelle giovani donne di et\u00e0 inferiore ai 20 anni.<\/p><p>I sintomi riferiti sono molteplici: dolore che parte dal bacino e si estende agli arti inferiori, cefalea e nausea. L&#8217;osteopatia pu\u00f2 aiutare a ridurre la durata e l&#8217;intensit\u00e0 dei sintomi con tecniche di manipolazione mirata.<\/p>\t\t\t\t\t\t<\/div>\n\t\t\t\t<\/div>\n\t\t\t\t<div class=\"elementor-element elementor-element-a8b3843 elementor-widget elementor-widget-heading\" data-id=\"a8b3843\" data-element_type=\"widget\" data-widget_type=\"heading.default\">\n\t\t\t\t<div class=\"elementor-widget-container\">\n\t\t\t<h3 class=\"elementor-heading-title elementor-size-default\">Dolore pelvico cronico<\/h3>\t\t<\/div>\n\t\t\t\t<\/div>\n\t\t\t\t<div class=\"elementor-element elementor-element-f39661d elementor-widget elementor-widget-text-editor\" data-id=\"f39661d\" data-element_type=\"widget\" data-widget_type=\"text-editor.default\">\n\t\t\t\t<div class=\"elementor-widget-container\">\n\t\t\t\t\t\t\t<p>Il dolore pelvico \u00e8 localizzato nella parte inferiore dell\u2019addome e nella pelvi, viene considerato cronico quando si presenta ciclicamente e perdura da almeno tre mesi. Pu\u00f2 essere causato da diverse patologie: endometriosi, vulvodinia, nevralgia del pudendo e sindrome del colon irritabile.<\/p><p>Recentemente il binomio <b>endometriosi-osteopatia<\/b> sta diventando sempre pi\u00f9 un buon esempio di problema &gt; risposta. Ma pi\u00f9 in generale in casi di dolore pelvico cronico i trattamenti osteopatici possono essere inseriti all&#8217;interno di un piano terapeutico multidisciplinare con l&#8217;intervento quindi, di diverse figure sanitarie.<\/p>\t\t\t\t\t\t<\/div>\n\t\t\t\t<\/div>\n\t\t\t\t<div class=\"elementor-element elementor-element-a9a84d3 elementor-widget elementor-widget-image\" data-id=\"a9a84d3\" data-element_type=\"widget\" data-widget_type=\"image.default\">\n\t\t\t\t<div class=\"elementor-widget-container\">\n\t\t\t\t\t\t\t\t\t\t\t\t\t\t\t<img loading=\"lazy\" decoding=\"async\" width=\"900\" height=\"496\" src=\"http:\/\/cfto.it\/2022\/wp-content\/uploads\/2021\/11\/osteopatia-in-gravidanza-e-post-parto.jpg\" class=\"attachment-full size-full\" alt=\"\" srcset=\"http:\/\/cfto.it\/2022\/wp-content\/uploads\/2021\/11\/osteopatia-in-gravidanza-e-post-parto.jpg 900w, http:\/\/cfto.it\/2022\/wp-content\/uploads\/2021\/11\/osteopatia-in-gravidanza-e-post-parto-300x165.jpg 300w, http:\/\/cfto.it\/2022\/wp-content\/uploads\/2021\/11\/osteopatia-in-gravidanza-e-post-parto-768x423.jpg 768w\" sizes=\"auto, (max-width: 900px) 100vw, 900px\" \/>\t\t\t\t\t\t\t\t\t\t\t\t\t\t\t<\/div>\n\t\t\t\t<\/div>\n\t\t\t\t<div class=\"elementor-element elementor-element-b5b6d0d elementor-widget elementor-widget-heading\" data-id=\"b5b6d0d\" data-element_type=\"widget\" data-widget_type=\"heading.default\">\n\t\t\t\t<div class=\"elementor-widget-container\">\n\t\t\t<h3 class=\"elementor-heading-title elementor-size-default\">Osteopatia in Gravidanza e post parto<\/h3>\t\t<\/div>\n\t\t\t\t<\/div>\n\t\t\t\t<div class=\"elementor-element elementor-element-361b4a8 elementor-widget elementor-widget-text-editor\" data-id=\"361b4a8\" data-element_type=\"widget\" data-widget_type=\"text-editor.default\">\n\t\t\t\t<div class=\"elementor-widget-container\">\n\t\t\t\t\t\t\t<p>Durante la gestazione il corpo della donna \u00e8 sottoposto a continui cambiamenti.<\/p><p>Superato il <b>primo trimestre<\/b>, periodo delicato per rischio abortivo, e quindi non indicato per i trattamenti, l\u2019<b>osteopatia in gravidanza <\/b>pu\u00f2 essere di grande aiuto e accompagnare la donna in questo meraviglioso percorso.<\/p><p>Dal secondo trimestre i disturbi pi\u00f9 comuni per la futura mamma sono quelli a carico dell\u2019apparato muscolo-scheletrico, in particolare<b> lombalgia <\/b>e dolori localizzati al cingolo pelvico come ad esempio la <b>pubalgia<\/b>. Tuttavia, sono frequenti anche disturbi di natura viscerale, come la <b>stipsi <\/b>e il <b>reflusso gastroesofageo,<\/b> in cui il trattamento osteopatico pu\u00f2 essere considerato di supporto alle terapie consigliate dal medico di base.<\/p><p>Attraverso manipolazioni dolci, sicure e indolori, <b>l&#8217;intervento di un <\/b><b>osteopata a fine gravidanza<\/b> aiuter\u00e0 a mantenere la mobilit\u00e0 articolare e l&#8217;elasticit\u00e0 tessutale, andando a favorirne il progredire fisiologico, facilitando la dinamica del parto e riducendo i pi\u00f9 frequenti disturbi del puerperio.<\/p><p>Intervenendo su questi disturbi non solo se ne riduce l&#8217;intensit\u00e0, ma si va anche a creare le condizioni migliori per il travaglio facilitando la fase espulsiva e riducendo i tempi di recupero post partum.<\/p><p>Anche nella <b>fase di post partum e di allattamento<\/b>, l&#8217;osteopatia pu\u00f2 essere un valido supporto con questi benefici:<\/p><ul><li aria-level=\"1\">velocizza il recupero dell&#8217;equilibrio muscolo scheletrico e la guarigione di esiti cicatriziali da taglio cesareo o da episiotomia;<\/li><li aria-level=\"1\">risoluzione dell&#8217;incontinenza urinaria con trattamenti osteopatici mirati al rinforzo della muscolatura del pavimento pelvico, uniti ad una ginnastica perineale specifica;<\/li><li aria-level=\"1\">fornisce indicazioni adeguate sulle posture corrette da mantenere durante l&#8217;allattamento per minimizzare l&#8217;insorgere di sintomatologie dolorose a carico della muscolatura dorsale e cervicale.<\/li><\/ul>\t\t\t\t\t\t<\/div>\n\t\t\t\t<\/div>\n\t\t\t\t<div class=\"elementor-element elementor-element-fa74300 elementor-widget elementor-widget-heading\" data-id=\"fa74300\" data-element_type=\"widget\" data-widget_type=\"heading.default\">\n\t\t\t\t<div class=\"elementor-widget-container\">\n\t\t\t<h3 class=\"elementor-heading-title elementor-size-default\">Osteopatia e Menopausa<\/h3>\t\t<\/div>\n\t\t\t\t<\/div>\n\t\t\t\t<div class=\"elementor-element elementor-element-2b6c021 elementor-widget elementor-widget-text-editor\" data-id=\"2b6c021\" data-element_type=\"widget\" data-widget_type=\"text-editor.default\">\n\t\t\t\t<div class=\"elementor-widget-container\">\n\t\t\t\t\t\t\t<p>Nella menopausa avvengono dei cambiamenti ormonali in grado di provocare delle alterazioni morfologiche e funzionali di tutto l\u2019apparato muscolo scheletrico della donna. Essendo meno idratati ed elastici, <b>muscoli e articolazioni<\/b> risentono di una riduzione della mobilit\u00e0 che si associa a <b>dolore e sensazione di affaticamento<\/b>.<\/p><p>L&#8217;osteopatia in menopausa \u00e8 una terapia complementare utile per la riduzione di tali disturbi ma pu\u00f2 essere d&#8217;aiuto anche in presenza di altri sintomi comuni durante questa fase della vita della donna, come <b>cefalea, ristagno linfatico <\/b>e<b> alterazioni del sistema gastroenterico<\/b>.\u00a0<\/p><p>Inoltre, i trattamenti osteopatici durante la menopausa possono essere di supporto nel percorso di riabilitazione in caso di <b>incontinenza da sforzo<\/b> o <b>dolore pelvico<\/b>, correggendo gli adattamenti posturali e le riduzioni di mobilit\u00e0 che potrebbero acuire l&#8217;intensit\u00e0 dei sintomi.<\/p>\t\t\t\t\t\t<\/div>\n\t\t\t\t<\/div>\n\t\t\t\t<div class=\"elementor-element elementor-element-170f697 elementor-widget elementor-widget-heading\" data-id=\"170f697\" data-element_type=\"widget\" data-widget_type=\"heading.default\">\n\t\t\t\t<div class=\"elementor-widget-container\">\n\t\t\t<h3 class=\"elementor-heading-title elementor-size-default\">Trattamenti osteopatici per pavimento pelvico<\/h3>\t\t<\/div>\n\t\t\t\t<\/div>\n\t\t\t\t<div class=\"elementor-element elementor-element-0ec4973 elementor-widget elementor-widget-text-editor\" data-id=\"0ec4973\" data-element_type=\"widget\" data-widget_type=\"text-editor.default\">\n\t\t\t\t<div class=\"elementor-widget-container\">\n\t\t\t\t\t\t\t<p>Il pavimento pelvico \u00e8 l&#8217;insieme di muscoli che lavora in sinergia con tutto l&#8217;apparato muscolo scheletrico per offrire sostegno agli organi pelvici.<\/p><p>Proprio per la sua funzione di sostegno, il pavimento pelvico pu\u00f2 subire stress funzionali che generano<b> ipertono<\/b>, causa di dolore, o<b> ipotono <\/b>e quindi deficit della sua funzionalit\u00e0. I trattamenti osteopatici possono aiutare le donne affette da <b>incontinenza o dolore vulvare.<\/b><\/p><p>L&#8217;equipe di CFTO opera all&#8217;interno di un approccio multidisciplinare ai fini della riabilitazione per il <b>recupero del tono muscolare<\/b>.<\/p>\t\t\t\t\t\t<\/div>\n\t\t\t\t<\/div>\n\t\t\t\t<div class=\"elementor-element elementor-element-d3a2eee elementor-align-center elementor-widget elementor-widget-button\" data-id=\"d3a2eee\" data-element_type=\"widget\" data-widget_type=\"button.default\">\n\t\t\t\t<div class=\"elementor-widget-container\">\n\t\t\t\t\t<div class=\"elementor-button-wrapper\">\n\t\t\t<a href=\"#elementor-action%3Aaction%3Dpopup%3Aopen%26settings%3DeyJpZCI6IjI4OSIsInRvZ2dsZSI6ZmFsc2V9\" class=\"elementor-button-link elementor-button elementor-size-sm\" role=\"button\">\n\t\t\t\t\t\t<span class=\"elementor-button-content-wrapper\">\n\t\t\t\t\t\t<span class=\"elementor-button-text\">Prenota una visita presso CFTO<\/span>\n\t\t<\/span>\n\t\t\t\t\t<\/a>\n\t\t<\/div>\n\t\t\t\t<\/div>\n\t\t\t\t<\/div>\n\t\t\t\t\t<\/div>\n\t\t<\/div>\n\t\t\t\t<div class=\"elementor-column elementor-col-33 elementor-top-column elementor-element elementor-element-740bc13\" data-id=\"740bc13\" data-element_type=\"column\">\n\t\t\t<div class=\"elementor-widget-wrap elementor-element-populated\">\n\t\t\t\t\t\t\t\t<div class=\"elementor-element elementor-element-e09ffa1 elementor-toc--content-ellipsis elementor-widget elementor-widget-table-of-contents\" data-id=\"e09ffa1\" data-element_type=\"widget\" data-settings=\"{&quot;headings_by_tags&quot;:[&quot;h3&quot;],&quot;exclude_headings_by_selector&quot;:[],&quot;marker_view&quot;:&quot;bullets&quot;,&quot;icon&quot;:{&quot;value&quot;:&quot;fas fa-circle&quot;,&quot;library&quot;:&quot;fa-solid&quot;},&quot;min_height&quot;:{&quot;unit&quot;:&quot;px&quot;,&quot;size&quot;:&quot;&quot;,&quot;sizes&quot;:[]},&quot;min_height_tablet&quot;:{&quot;unit&quot;:&quot;px&quot;,&quot;size&quot;:&quot;&quot;,&quot;sizes&quot;:[]},&quot;min_height_mobile&quot;:{&quot;unit&quot;:&quot;px&quot;,&quot;size&quot;:&quot;&quot;,&quot;sizes&quot;:[]}}\" data-widget_type=\"table-of-contents.default\">\n\t\t\t\t<div class=\"elementor-widget-container\">\n\t\t\t\t\t<div class=\"elementor-toc__header\">\n\t\t\t<h3 class=\"elementor-toc__header-title\">\n\t\t\t\tIn questa pagina trovi...\t\t\t<\/h3>\n\t\t\t\t\t<\/div>\n\t\t<div class=\"elementor-toc__body\">\n\t\t\t<div class=\"elementor-toc__spinner-container\">\n\t\t\t\t<i class=\"elementor-toc__spinner eicon-animation-spin eicon-loading\" aria-hidden=\"true\"><\/i>\t\t\t<\/div>\n\t\t<\/div>\n\t\t\t\t<\/div>\n\t\t\t\t<\/div>\n\t\t\t\t\t<\/div>\n\t\t<\/div>\n\t\t\t\t\t\t\t<\/div>\n\t\t<\/section>\n\t\t\t\t\t\t<\/div>\n\t\t\t\t\t<\/div>\n\t\t","protected":false},"excerpt":{"rendered":"<p>Osteopatia Ostetrico-Ginecologicaper la salute e il benessere della donna Il cambiamento \u00e8 parte del mondo femminile. Per questo nel nostro centro ci prendiamo cura del benessere della donna con un&#8217;area dedicata all&#8217;Osteopatia Ginecologica e con una particolare attenzione all&#8217;Osteopatia in Gravidanza.\u00a0 L&#8217;equipe di osteopati del CFTO \u00e8 in grado di offrire un valido supporto per &hellip;<\/p>\n<p class=\"read-more\"> <a class=\"\" href=\"http:\/\/cfto.it\/2022\/trattamenti-osteopatici\/gravidanza-e-ginecologia\/\"> <span class=\"screen-reader-text\">Osteopatia in gravidanza e ginecologica<\/span> Leggi altro &raquo;<\/a><\/p>\n","protected":false},"author":1,"featured_media":0,"parent":43,"menu_order":0,"comment_status":"closed","ping_status":"closed","template":"","meta":{"site-sidebar-layout":"no-sidebar","site-content-layout":"page-builder","ast-main-header-display":"","ast-hfb-above-header-display":"","ast-hfb-below-header-display":"","ast-hfb-mobile-header-display":"","site-post-title":"disabled","ast-breadcrumbs-content":"","ast-featured-img":"disabled","footer-sml-layout":"","theme-transparent-header-meta":"default","adv-header-id-meta":"","stick-header-meta":"","header-above-stick-meta":"","header-main-stick-meta":"","header-below-stick-meta":"","footnotes":""},"class_list":["post-1230","page","type-page","status-publish","hentry"],"acf":[],"yoast_head":"<!-- This site is optimized with the Yoast SEO plugin v17.8 - https:\/\/yoast.com\/wordpress\/plugins\/seo\/ -->\n<title>Osteopatia in gravidanza e ginecologica - CFTO<\/title>\n<meta name=\"description\" content=\"CFTO dedica un&#039;area alla salute della donna in ogni fase della vita, con trattamenti osteopatici in gravidanza e per disturbi ginecologici. Scopri di pi\u00f9.\" \/>\n<meta name=\"robots\" content=\"index, follow, max-snippet:-1, max-image-preview:large, max-video-preview:-1\" \/>\n<link rel=\"canonical\" href=\"http:\/\/cfto.it\/2022\/trattamenti-osteopatici\/gravidanza-e-ginecologia\/\" \/>\n<meta property=\"og:locale\" content=\"it_IT\" \/>\n<meta property=\"og:type\" content=\"article\" \/>\n<meta property=\"og:title\" content=\"Osteopatia in gravidanza e ginecologica - CFTO\" \/>\n<meta property=\"og:description\" content=\"CFTO dedica un&#039;area alla salute della donna in ogni fase della vita, con trattamenti osteopatici in gravidanza e per disturbi ginecologici. Scopri di pi\u00f9.\" \/>\n<meta property=\"og:url\" content=\"http:\/\/cfto.it\/2022\/trattamenti-osteopatici\/gravidanza-e-ginecologia\/\" \/>\n<meta property=\"og:site_name\" content=\"CFTO\" \/>\n<meta property=\"article:modified_time\" content=\"2021-12-07T10:37:51+00:00\" \/>\n<meta property=\"og:image\" content=\"http:\/\/cfto.it\/2022\/wp-content\/uploads\/2021\/11\/osteopatia-ostetrico-ginecologica.jpg\" \/>\n<meta name=\"twitter:card\" content=\"summary_large_image\" \/>\n<meta name=\"twitter:label1\" content=\"Tempo di lettura stimato\" \/>\n\t<meta name=\"twitter:data1\" content=\"6 minuti\" \/>\n<script type=\"application\/ld+json\" class=\"yoast-schema-graph\">{\"@context\":\"https:\/\/schema.org\",\"@graph\":[{\"@type\":\"Organization\",\"@id\":\"http:\/\/cfto.it\/2022\/#organization\",\"name\":\"CFTO - Centro di Formazione e Tirocinio Osteopatico\",\"url\":\"http:\/\/cfto.it\/2022\/\",\"sameAs\":[],\"logo\":{\"@type\":\"ImageObject\",\"@id\":\"http:\/\/cfto.it\/2022\/#logo\",\"inLanguage\":\"it-IT\",\"url\":\"http:\/\/cfto.it\/2022\/wp-content\/uploads\/2021\/07\/centro-formazione-tirocinio-osteopatico.png\",\"contentUrl\":\"http:\/\/cfto.it\/2022\/wp-content\/uploads\/2021\/07\/centro-formazione-tirocinio-osteopatico.png\",\"width\":676,\"height\":297,\"caption\":\"CFTO - Centro di Formazione e Tirocinio Osteopatico\"},\"image\":{\"@id\":\"http:\/\/cfto.it\/2022\/#logo\"}},{\"@type\":\"WebSite\",\"@id\":\"http:\/\/cfto.it\/2022\/#website\",\"url\":\"http:\/\/cfto.it\/2022\/\",\"name\":\"CFTO\",\"description\":\"Centro Formativo Tirocinio Osteopatico\",\"publisher\":{\"@id\":\"http:\/\/cfto.it\/2022\/#organization\"},\"potentialAction\":[{\"@type\":\"SearchAction\",\"target\":{\"@type\":\"EntryPoint\",\"urlTemplate\":\"http:\/\/cfto.it\/2022\/?s={search_term_string}\"},\"query-input\":\"required name=search_term_string\"}],\"inLanguage\":\"it-IT\"},{\"@type\":\"ImageObject\",\"@id\":\"http:\/\/cfto.it\/2022\/trattamenti-osteopatici\/gravidanza-e-ginecologia\/#primaryimage\",\"inLanguage\":\"it-IT\",\"url\":\"http:\/\/cfto.it\/2022\/wp-content\/uploads\/2021\/11\/osteopatia-ostetrico-ginecologica.jpg\",\"contentUrl\":\"http:\/\/cfto.it\/2022\/wp-content\/uploads\/2021\/11\/osteopatia-ostetrico-ginecologica.jpg\",\"width\":1280,\"height\":480},{\"@type\":\"WebPage\",\"@id\":\"http:\/\/cfto.it\/2022\/trattamenti-osteopatici\/gravidanza-e-ginecologia\/#webpage\",\"url\":\"http:\/\/cfto.it\/2022\/trattamenti-osteopatici\/gravidanza-e-ginecologia\/\",\"name\":\"Osteopatia in gravidanza e ginecologica - CFTO\",\"isPartOf\":{\"@id\":\"http:\/\/cfto.it\/2022\/#website\"},\"primaryImageOfPage\":{\"@id\":\"http:\/\/cfto.it\/2022\/trattamenti-osteopatici\/gravidanza-e-ginecologia\/#primaryimage\"},\"datePublished\":\"2021-09-17T08:47:26+00:00\",\"dateModified\":\"2021-12-07T10:37:51+00:00\",\"description\":\"CFTO dedica un'area alla salute della donna in ogni fase della vita, con trattamenti osteopatici in gravidanza e per disturbi ginecologici. Scopri di pi\\u00f9.\",\"breadcrumb\":{\"@id\":\"http:\/\/cfto.it\/2022\/trattamenti-osteopatici\/gravidanza-e-ginecologia\/#breadcrumb\"},\"inLanguage\":\"it-IT\",\"potentialAction\":[{\"@type\":\"ReadAction\",\"target\":[\"http:\/\/cfto.it\/2022\/trattamenti-osteopatici\/gravidanza-e-ginecologia\/\"]}]},{\"@type\":\"BreadcrumbList\",\"@id\":\"http:\/\/cfto.it\/2022\/trattamenti-osteopatici\/gravidanza-e-ginecologia\/#breadcrumb\",\"itemListElement\":[{\"@type\":\"ListItem\",\"position\":1,\"name\":\"Home\",\"item\":\"http:\/\/cfto.it\/2022\/\"},{\"@type\":\"ListItem\",\"position\":2,\"name\":\"Trattamenti Osteopatici\",\"item\":\"http:\/\/cfto.it\/2022\/trattamenti-osteopatici\/\"},{\"@type\":\"ListItem\",\"position\":3,\"name\":\"Osteopatia in gravidanza e ginecologica\"}]}]}<\/script>\n<!-- \/ Yoast SEO plugin. -->","yoast_head_json":{"title":"Osteopatia in gravidanza e ginecologica - CFTO","description":"CFTO dedica un'area alla salute della donna in ogni fase della vita, con trattamenti osteopatici in gravidanza e per disturbi ginecologici. Scopri di pi\u00f9.","robots":{"index":"index","follow":"follow","max-snippet":"max-snippet:-1","max-image-preview":"max-image-preview:large","max-video-preview":"max-video-preview:-1"},"canonical":"http:\/\/cfto.it\/2022\/trattamenti-osteopatici\/gravidanza-e-ginecologia\/","og_locale":"it_IT","og_type":"article","og_title":"Osteopatia in gravidanza e ginecologica - CFTO","og_description":"CFTO dedica un'area alla salute della donna in ogni fase della vita, con trattamenti osteopatici in gravidanza e per disturbi ginecologici. Scopri di pi\u00f9.","og_url":"http:\/\/cfto.it\/2022\/trattamenti-osteopatici\/gravidanza-e-ginecologia\/","og_site_name":"CFTO","article_modified_time":"2021-12-07T10:37:51+00:00","og_image":[{"url":"http:\/\/cfto.it\/2022\/wp-content\/uploads\/2021\/11\/osteopatia-ostetrico-ginecologica.jpg"}],"twitter_card":"summary_large_image","twitter_misc":{"Tempo di lettura stimato":"6 minuti"},"schema":{"@context":"https:\/\/schema.org","@graph":[{"@type":"Organization","@id":"http:\/\/cfto.it\/2022\/#organization","name":"CFTO - Centro di Formazione e Tirocinio Osteopatico","url":"http:\/\/cfto.it\/2022\/","sameAs":[],"logo":{"@type":"ImageObject","@id":"http:\/\/cfto.it\/2022\/#logo","inLanguage":"it-IT","url":"http:\/\/cfto.it\/2022\/wp-content\/uploads\/2021\/07\/centro-formazione-tirocinio-osteopatico.png","contentUrl":"http:\/\/cfto.it\/2022\/wp-content\/uploads\/2021\/07\/centro-formazione-tirocinio-osteopatico.png","width":676,"height":297,"caption":"CFTO - Centro di Formazione e Tirocinio Osteopatico"},"image":{"@id":"http:\/\/cfto.it\/2022\/#logo"}},{"@type":"WebSite","@id":"http:\/\/cfto.it\/2022\/#website","url":"http:\/\/cfto.it\/2022\/","name":"CFTO","description":"Centro Formativo Tirocinio Osteopatico","publisher":{"@id":"http:\/\/cfto.it\/2022\/#organization"},"potentialAction":[{"@type":"SearchAction","target":{"@type":"EntryPoint","urlTemplate":"http:\/\/cfto.it\/2022\/?s={search_term_string}"},"query-input":"required name=search_term_string"}],"inLanguage":"it-IT"},{"@type":"ImageObject","@id":"http:\/\/cfto.it\/2022\/trattamenti-osteopatici\/gravidanza-e-ginecologia\/#primaryimage","inLanguage":"it-IT","url":"http:\/\/cfto.it\/2022\/wp-content\/uploads\/2021\/11\/osteopatia-ostetrico-ginecologica.jpg","contentUrl":"http:\/\/cfto.it\/2022\/wp-content\/uploads\/2021\/11\/osteopatia-ostetrico-ginecologica.jpg","width":1280,"height":480},{"@type":"WebPage","@id":"http:\/\/cfto.it\/2022\/trattamenti-osteopatici\/gravidanza-e-ginecologia\/#webpage","url":"http:\/\/cfto.it\/2022\/trattamenti-osteopatici\/gravidanza-e-ginecologia\/","name":"Osteopatia in gravidanza e ginecologica - CFTO","isPartOf":{"@id":"http:\/\/cfto.it\/2022\/#website"},"primaryImageOfPage":{"@id":"http:\/\/cfto.it\/2022\/trattamenti-osteopatici\/gravidanza-e-ginecologia\/#primaryimage"},"datePublished":"2021-09-17T08:47:26+00:00","dateModified":"2021-12-07T10:37:51+00:00","description":"CFTO dedica un'area alla salute della donna in ogni fase della vita, con trattamenti osteopatici in gravidanza e per disturbi ginecologici. Scopri di pi\u00f9.","breadcrumb":{"@id":"http:\/\/cfto.it\/2022\/trattamenti-osteopatici\/gravidanza-e-ginecologia\/#breadcrumb"},"inLanguage":"it-IT","potentialAction":[{"@type":"ReadAction","target":["http:\/\/cfto.it\/2022\/trattamenti-osteopatici\/gravidanza-e-ginecologia\/"]}]},{"@type":"BreadcrumbList","@id":"http:\/\/cfto.it\/2022\/trattamenti-osteopatici\/gravidanza-e-ginecologia\/#breadcrumb","itemListElement":[{"@type":"ListItem","position":1,"name":"Home","item":"http:\/\/cfto.it\/2022\/"},{"@type":"ListItem","position":2,"name":"Trattamenti Osteopatici","item":"http:\/\/cfto.it\/2022\/trattamenti-osteopatici\/"},{"@type":"ListItem","position":3,"name":"Osteopatia in gravidanza e ginecologica"}]}]}},"_links":{"self":[{"href":"http:\/\/cfto.it\/2022\/wp-json\/wp\/v2\/pages\/1230","targetHints":{"allow":["GET"]}}],"collection":[{"href":"http:\/\/cfto.it\/2022\/wp-json\/wp\/v2\/pages"}],"about":[{"href":"http:\/\/cfto.it\/2022\/wp-json\/wp\/v2\/types\/page"}],"author":[{"embeddable":true,"href":"http:\/\/cfto.it\/2022\/wp-json\/wp\/v2\/users\/1"}],"replies":[{"embeddable":true,"href":"http:\/\/cfto.it\/2022\/wp-json\/wp\/v2\/comments?post=1230"}],"version-history":[{"count":74,"href":"http:\/\/cfto.it\/2022\/wp-json\/wp\/v2\/pages\/1230\/revisions"}],"predecessor-version":[{"id":2514,"href":"http:\/\/cfto.it\/2022\/wp-json\/wp\/v2\/pages\/1230\/revisions\/2514"}],"up":[{"embeddable":true,"href":"http:\/\/cfto.it\/2022\/wp-json\/wp\/v2\/pages\/43"}],"wp:attachment":[{"href":"http:\/\/cfto.it\/2022\/wp-json\/wp\/v2\/media?parent=1230"}],"curies":[{"name":"wp","href":"https:\/\/api.w.org\/{rel}","templated":true}]}}